{"id":1106,"date":"2022-01-24T10:39:27","date_gmt":"2022-01-24T02:39:27","guid":{"rendered":"https:\/\/kingdapump.com\/?page_id=1106"},"modified":"2022-01-25T09:48:20","modified_gmt":"2022-01-25T01:48:20","slug":"datenschutzrichtlinie","status":"publish","type":"page","link":"https:\/\/kingdapump.com\/de\/privacy-policy\/","title":{"rendered":"Datenschutzrichtlinie"},"content":{"rendered":"<div data-elementor-type=\"wp-page\" data-elementor-id=\"1106\" class=\"elementor elementor-1106\" data-elementor-post-type=\"page\">\n\t\t\t\t\t\t<section class=\"elementor-section elementor-top-section elementor-element elementor-element-bd67166 elementor-section-boxed elementor-section-height-default elementor-section-height-default\" data-id=\"bd67166\" data-element_type=\"section\">\n\t\t\t\t\t\t<div class=\"elementor-container elementor-column-gap-default\">\n\t\t\t\t\t<div class=\"elementor-column elementor-col-100 elementor-top-column elementor-element elementor-element-a187b6e\" data-id=\"a187b6e\" data-element_type=\"column\">\n\t\t\t<div class=\"elementor-widget-wrap elementor-element-populated\">\n\t\t\t\t\t\t<div class=\"elementor-element elementor-element-4e2b9cb elementor-widget elementor-widget-text-editor\" data-id=\"4e2b9cb\" data-element_type=\"widget\" data-widget_type=\"text-editor.default\">\n\t\t\t\t<div class=\"elementor-widget-container\">\n\t\t\t\t\t\t\t\t\t<h1>Datenschutzrichtlinie<\/h1><div><p>Ihre Privatsph\u00e4re ist uns wichtig. Es ist die Richtlinie von Kingdapump, Ihre Privatsph\u00e4re zu respektieren und alle geltenden Gesetze und Vorschriften in Bezug auf alle personenbezogenen Daten, die wir \u00fcber Sie erfassen, einzuhalten, auch \u00fcber unsere Website., <a href=\"https:\/\/kingdapump.com\/de\/\">https:\/\/kingdapump.com\/<\/a>, und andere Websites, die wir besitzen und betreiben.<\/p><p>Diese Richtlinie ist ab dem 8. August 2021 g\u00fcltig und wurde zuletzt am 8. August 2021 aktualisiert.<\/p><h3>Informationen, die wir sammeln<\/h3><p>Zu den von uns erfassten Informationen geh\u00f6ren sowohl Daten, die Sie uns wissentlich und aktiv bei der Nutzung oder Teilnahme an unseren Diensten und Aktionen zur Verf\u00fcgung stellen, als auch Informationen, die Ihre Ger\u00e4te automatisch beim Zugriff auf unsere Produkte und Dienstleistungen senden.<\/p><h4>Protokolldaten<\/h4><p>Wenn Sie unsere Website besuchen, protokollieren unsere Server automatisch die Standarddaten, die Ihr Webbrowser \u00fcbermittelt. Dazu geh\u00f6ren unter anderem die IP-Adresse Ihres Ger\u00e4ts, Browsertyp und -version, die von Ihnen besuchten Seiten, Datum und Uhrzeit Ihres Besuchs, die Verweildauer auf den einzelnen Seiten, weitere Details zu Ihrem Besuch sowie technische Details im Zusammenhang mit eventuell auftretenden Fehlern.<\/p><p>Bitte beachten Sie, dass diese Informationen zwar f\u00fcr sich genommen nicht zur Identifizierung einzelner Personen geeignet sind, es jedoch m\u00f6glich ist, sie mit anderen Daten zu kombinieren, um einzelne Personen pers\u00f6nlich zu identifizieren.<\/p><h4>Pers\u00f6nliche Daten<\/h4><p>Wir k\u00f6nnen Sie um pers\u00f6nliche Informationen bitten, die unter anderem eines oder mehrere der folgenden Elemente umfassen k\u00f6nnen:<\/p><ul><li>Name<\/li><li>E-Mail<\/li><\/ul><h4>Berechtigte Gr\u00fcnde f\u00fcr die Verarbeitung Ihrer personenbezogenen Daten<\/h4><p>Wir erheben und nutzen Ihre personenbezogenen Daten nur dann, wenn wir einen berechtigten Grund daf\u00fcr haben. In diesem Fall erheben wir nur die personenbezogenen Daten, die f\u00fcr die Erbringung unserer Dienstleistungen f\u00fcr Sie unbedingt erforderlich sind.<\/p><h4>Sammlung und Nutzung von Informationen<\/h4><p>Wir erfassen m\u00f6glicherweise personenbezogene Daten von Ihnen, wenn Sie eine der folgenden Aktionen auf unserer Website durchf\u00fchren:<\/p><ul><li>Nutzen Sie ein Mobilger\u00e4t oder einen Webbrowser, um auf unsere Inhalte zuzugreifen.<\/li><li>Kontaktieren Sie uns per E-Mail, \u00fcber soziale Medien oder \u00fcber \u00e4hnliche Technologien.<\/li><li>Wenn Sie uns in den sozialen Medien erw\u00e4hnen<\/li><\/ul><p>Wir k\u00f6nnen Informationen f\u00fcr die folgenden Zwecke erheben, speichern, verwenden und weitergeben, und personenbezogene Daten werden nicht auf eine Weise weiterverarbeitet, die mit diesen Zwecken unvereinbar ist:<\/p><p>Wir k\u00f6nnen Informationen f\u00fcr die folgenden Zwecke erheben, speichern, verwenden und weitergeben, und personenbezogene Daten werden nicht auf eine Weise weiterverarbeitet, die mit diesen Zwecken unvereinbar ist:<\/p><ul><li>um Ihnen die M\u00f6glichkeit zu geben, Ihre Erfahrung mit unserer Website individuell anzupassen oder zu personalisieren<\/li><li>f\u00fcr Analysen, Marktforschung und Gesch\u00e4ftsentwicklung, einschlie\u00dflich des Betriebs und der Verbesserung unserer Website, zugeh\u00f6riger Anwendungen und zugeh\u00f6riger Social-Media-Plattformen<\/li><\/ul><p>Bitte beachten Sie, dass wir die von uns \u00fcber Sie gesammelten Informationen gegebenenfalls mit allgemeinen Informationen oder Forschungsdaten aus anderen vertrauensw\u00fcrdigen Quellen kombinieren.<\/p><h4>Sicherheit Ihrer pers\u00f6nlichen Daten<\/h4><p>Bei der Erhebung und Verarbeitung personenbezogener Daten sowie w\u00e4hrend der Aufbewahrung dieser Daten werden wir diese im Rahmen wirtschaftlich vertretbarer Ma\u00dfnahmen sch\u00fctzen, um Verlust und Diebstahl sowie unbefugten Zugriff, Offenlegung, Kopieren, Verwendung oder \u00c4nderung zu verhindern.<\/p><p>Obwohl wir unser Bestes tun, um Ihre uns \u00fcbermittelten personenbezogenen Daten zu sch\u00fctzen, weisen wir darauf hin, dass keine Methode der elektronischen \u00dcbertragung oder Speicherung hundertprozentige Sicherheit gew\u00e4hrleisten kann und niemand absolute Datensicherheit garantieren kann. Wir werden die f\u00fcr uns geltenden Gesetze im Falle einer Datenschutzverletzung einhalten.<\/p><p>Sie sind selbst daf\u00fcr verantwortlich, ein Passwort zu w\u00e4hlen und dessen allgemeine Sicherheitsst\u00e4rke zu gew\u00e4hrleisten, um die Sicherheit Ihrer eigenen Daten im Rahmen unserer Dienste zu gew\u00e4hrleisten.<\/p><h4>Wie lange wir Ihre personenbezogenen Daten speichern<\/h4><p>Wir speichern Ihre personenbezogenen Daten nur so lange, wie es erforderlich ist. Die Speicherdauer h\u00e4ngt vom Verwendungszweck Ihrer Daten gem\u00e4\u00df dieser Datenschutzerkl\u00e4rung ab. Wenn Ihre personenbezogenen Daten nicht mehr ben\u00f6tigt werden, l\u00f6schen wir sie oder anonymisieren sie, indem wir alle Sie identifizierenden Angaben entfernen.<\/p><p>Sollten wir jedoch dazu verpflichtet sein, Ihre personenbezogenen Daten aufzubewahren, um einer rechtlichen, buchhalterischen oder melderechtlichen Verpflichtung nachzukommen oder um diese im \u00f6ffentlichen Interesse liegenden Archivierungs-, wissenschaftlichen oder historischen Forschungszwecken oder statistischen Zwecken nachzukommen.<\/p><h3>Datenschutz f\u00fcr Kinder<\/h3><p>Wir richten unsere Produkte und Dienstleistungen nicht direkt an Kinder unter 13 Jahren und erfassen wissentlich keine personenbezogenen Daten von Kindern unter 13 Jahren.<\/p><h3>Internationale \u00dcbermittlungen personenbezogener Daten<\/h3><p>Die von uns erhobenen personenbezogenen Daten werden dort gespeichert und\/oder verarbeitet, wo wir oder unsere Partner, verbundenen Unternehmen und Drittanbieter Einrichtungen unterhalten. Bitte beachten Sie, dass die Datenschutzgesetze an den Orten, an denen wir Ihre personenbezogenen Daten speichern, verarbeiten oder \u00fcbermitteln, m\u00f6glicherweise nicht denen des Landes entsprechen, in dem Sie die Daten urspr\u00fcnglich angegeben haben. Wenn wir Ihre personenbezogenen Daten an Dritte in anderen L\u00e4ndern \u00fcbermitteln: (i) f\u00fchren wir diese \u00dcbermittlungen in \u00dcbereinstimmung mit den Anforderungen des geltenden Rechts durch; und (ii) sch\u00fctzen wir die \u00fcbermittelten personenbezogenen Daten gem\u00e4\u00df dieser Datenschutzerkl\u00e4rung.<\/p><h3>Ihre Rechte und die Kontrolle Ihrer pers\u00f6nlichen Daten<\/h3><p>Sie haben jederzeit das Recht, uns Ihre personenbezogenen Daten vorzuenthalten. Bitte beachten Sie jedoch, dass dies Ihre Nutzung unserer Website beeintr\u00e4chtigen kann. Wir werden Sie nicht benachteiligen, wenn Sie Ihre Rechte bez\u00fcglich Ihrer personenbezogenen Daten aus\u00fcben. Wenn Sie uns personenbezogene Daten \u00fcbermitteln, erkl\u00e4ren Sie sich damit einverstanden, dass wir diese gem\u00e4\u00df dieser Datenschutzerkl\u00e4rung erheben, speichern, verwenden und weitergeben. Sie haben jederzeit das Recht, Auskunft \u00fcber alle Ihre bei uns gespeicherten personenbezogenen Daten zu verlangen.<\/p><p>Wenn wir personenbezogene Daten \u00fcber Sie von Dritten erhalten, sch\u00fctzen wir diese gem\u00e4\u00df dieser Datenschutzerkl\u00e4rung. Wenn Sie als Dritter personenbezogene Daten \u00fcber eine andere Person \u00fcbermitteln, versichern Sie, dass Sie die Einwilligung dieser Person zur Weitergabe dieser Daten an uns haben.<\/p><p>Wenn Sie uns zuvor Ihre Einwilligung zur Nutzung Ihrer personenbezogenen Daten f\u00fcr Direktmarketingzwecke erteilt haben, k\u00f6nnen Sie diese jederzeit widerrufen. Sie k\u00f6nnen sich von unserer E-Mail-Datenbank abmelden oder den Erhalt von Mitteilungen abbestellen. Bitte beachten Sie, dass wir unter Umst\u00e4nden bestimmte Informationen von Ihnen ben\u00f6tigen, um Ihre Identit\u00e4t zu best\u00e4tigen.<\/p><p>Wenn Sie der Ansicht sind, dass die von uns gespeicherten Informationen \u00fcber Sie unrichtig, veraltet, unvollst\u00e4ndig, irrelevant oder irref\u00fchrend sind, kontaktieren Sie uns bitte unter den in dieser Datenschutzerkl\u00e4rung angegebenen Kontaktdaten. Wir werden angemessene Ma\u00dfnahmen ergreifen, um alle als unrichtig, unvollst\u00e4ndig, irref\u00fchrend oder veraltet erkannten Informationen zu korrigieren.<\/p><p>Wenn Sie der Ansicht sind, dass wir gegen geltendes Datenschutzrecht versto\u00dfen haben und eine Beschwerde einreichen m\u00f6chten, kontaktieren Sie uns bitte unter den unten angegebenen Kontaktdaten und teilen Sie uns alle Einzelheiten des mutma\u00dflichen Versto\u00dfes mit. Wir werden Ihre Beschwerde umgehend pr\u00fcfen und Ihnen schriftlich das Ergebnis unserer Untersuchung sowie die Ma\u00dfnahmen, die wir zur Bearbeitung Ihrer Beschwerde ergreifen werden, mitteilen. Sie haben au\u00dferdem das Recht, sich in Bezug auf Ihre Beschwerde an eine Aufsichtsbeh\u00f6rde oder Datenschutzbeh\u00f6rde zu wenden.<\/p><h3>Verwendung von Cookies<\/h3><p>Wir verwenden Cookies, um Informationen \u00fcber Sie und Ihre Aktivit\u00e4ten auf unserer Website zu sammeln. Ein Cookie ist eine kleine Datendatei, die unsere Website auf Ihrem Computer speichert und bei jedem Besuch abruft, damit wir verstehen, wie Sie unsere Website nutzen. Dies hilft uns, Ihnen Inhalte basierend auf Ihren angegebenen Pr\u00e4ferenzen bereitzustellen.<\/p><h3>Grenzen unserer Richtlinie<\/h3><p>Unsere Website kann Links zu externen Websites enthalten, die nicht von uns betrieben werden. Bitte beachten Sie, dass wir keinen Einfluss auf die Inhalte und Richtlinien dieser Websites haben und keine Verantwortung oder Haftung f\u00fcr deren Datenschutzpraktiken \u00fcbernehmen k\u00f6nnen.<\/p><h3>\u00c4nderungen dieser Richtlinie<\/h3><p>Wir behalten uns das Recht vor, unsere Datenschutzrichtlinie nach eigenem Ermessen zu \u00e4ndern, um Aktualisierungen unserer Gesch\u00e4ftsprozesse, geltenden Best Practices oder Gesetzes- bzw. Verordnungs\u00e4nderungen zu ber\u00fccksichtigen. Sollten wir diese Datenschutzrichtlinie \u00e4ndern, werden wir die \u00c4nderungen hier unter dem gleichen Link ver\u00f6ffentlichen, \u00fcber den Sie auf diese Datenschutzrichtlinie zugreifen.<\/p><p>Sofern gesetzlich vorgeschrieben, holen wir Ihre Zustimmung ein bzw. geben Ihnen die M\u00f6glichkeit, gegebenenfalls in neue Verwendungen Ihrer personenbezogenen Daten zu stimmen oder diese abzulehnen.<\/p><h3>Kontaktieren Sie uns<\/h3><p>Bei Fragen oder Bedenken hinsichtlich Ihrer Privatsph\u00e4re k\u00f6nnen Sie uns unter folgenden Kontaktdaten erreichen:<a href=\"https:\/\/kingdapump.com\/de\/\">https:\/\/kingdapump.com\/<\/a><\/p><\/div>\t\t\t\t\t\t\t\t<\/div>\n\t\t\t\t<\/div>\n\t\t\t\t\t<\/div>\n\t\t<\/div>\n\t\t\t\t\t<\/div>\n\t\t<\/section>\n\t\t\t\t<\/div>","protected":false},"excerpt":{"rendered":"<p>Privacy Policy Your privacy is important to us. It is Kingdapump\u2019s policy to respect your privacy and comply with any applicable law and regulation regarding any personal information we may collect about you, including across our website, https:\/\/kingdapump.com\/, and other sites we own and operate. This policy is effective as of 8 August 2021 and [&hellip;]<\/p>\n","protected":false},"author":1,"featured_media":0,"parent":0,"menu_order":0,"comment_status":"closed","ping_status":"closed","template":"","meta":{"footnotes":""},"class_list":["post-1106","page","type-page","status-publish","hentry"],"yoast_head":"<!-- This site is optimized with the Yoast SEO Premium plugin v25.8 (Yoast SEO v27.4) - https:\/\/yoast.com\/product\/yoast-seo-premium-wordpress\/ -->\n<title>Privacy-Policy - Kingda Pump<\/title>\n<meta name=\"robots\" content=\"index, follow, max-snippet:-1, max-image-preview:large, max-video-preview:-1\" \/>\n<link rel=\"canonical\" href=\"https:\/\/kingdapump.com\/de\/datenschutzrichtlinie\/\" \/>\n<meta property=\"og:locale\" content=\"de_DE\" \/>\n<meta property=\"og:type\" content=\"article\" \/>\n<meta property=\"og:title\" content=\"Privacy-Policy\" \/>\n<meta property=\"og:description\" content=\"Privacy Policy Your privacy is important to us. It is Kingdapump\u2019s policy to respect your privacy and comply with any applicable law and regulation regarding any personal information we may collect about you, including across our website, https:\/\/kingdapump.com\/, and other sites we own and operate. This policy is effective as of 8 August 2021 and [&hellip;]\" \/>\n<meta property=\"og:url\" content=\"https:\/\/kingdapump.com\/de\/datenschutzrichtlinie\/\" \/>\n<meta property=\"og:site_name\" content=\"Kingda Pump\" \/>\n<meta property=\"article:modified_time\" content=\"2022-01-25T01:48:20+00:00\" \/>\n<meta name=\"twitter:card\" content=\"summary_large_image\" \/>\n<meta name=\"twitter:label1\" content=\"Gesch\u00e4tzte Lesezeit\" \/>\n\t<meta name=\"twitter:data1\" content=\"6\u00a0Minuten\" \/>\n<script type=\"application\/ld+json\" class=\"yoast-schema-graph\">{\"@context\":\"https:\\\/\\\/schema.org\",\"@graph\":[{\"@type\":\"WebPage\",\"@id\":\"https:\\\/\\\/kingdapump.com\\\/privacy-policy\\\/\",\"url\":\"https:\\\/\\\/kingdapump.com\\\/privacy-policy\\\/\",\"name\":\"Privacy-Policy - Kingda Pump\",\"isPartOf\":{\"@id\":\"https:\\\/\\\/kingdapump.com\\\/#website\"},\"datePublished\":\"2022-01-24T02:39:27+00:00\",\"dateModified\":\"2022-01-25T01:48:20+00:00\",\"breadcrumb\":{\"@id\":\"https:\\\/\\\/kingdapump.com\\\/privacy-policy\\\/#breadcrumb\"},\"inLanguage\":\"de\",\"potentialAction\":[{\"@type\":\"ReadAction\",\"target\":[\"https:\\\/\\\/kingdapump.com\\\/privacy-policy\\\/\"]}]},{\"@type\":\"BreadcrumbList\",\"@id\":\"https:\\\/\\\/kingdapump.com\\\/privacy-policy\\\/#breadcrumb\",\"itemListElement\":[{\"@type\":\"ListItem\",\"position\":1,\"name\":\"\u9996\u9875\",\"item\":\"https:\\\/\\\/kingdapump.com\\\/\"},{\"@type\":\"ListItem\",\"position\":2,\"name\":\"Privacy-Policy\"}]},{\"@type\":\"WebSite\",\"@id\":\"https:\\\/\\\/kingdapump.com\\\/#website\",\"url\":\"https:\\\/\\\/kingdapump.com\\\/\",\"name\":\"kingdapump.com\",\"description\":\"Since 1948 \u2014 Slurry Pump Experts\",\"publisher\":{\"@id\":\"https:\\\/\\\/kingdapump.com\\\/#organization\"},\"potentialAction\":[{\"@type\":\"SearchAction\",\"target\":{\"@type\":\"EntryPoint\",\"urlTemplate\":\"https:\\\/\\\/kingdapump.com\\\/?s={search_term_string}\"},\"query-input\":{\"@type\":\"PropertyValueSpecification\",\"valueRequired\":true,\"valueName\":\"search_term_string\"}}],\"inLanguage\":\"de\"},{\"@type\":\"Organization\",\"@id\":\"https:\\\/\\\/kingdapump.com\\\/#organization\",\"name\":\"kingdapump.com\",\"url\":\"https:\\\/\\\/kingdapump.com\\\/\",\"logo\":{\"@type\":\"ImageObject\",\"inLanguage\":\"de\",\"@id\":\"https:\\\/\\\/kingdapump.com\\\/#\\\/schema\\\/logo\\\/image\\\/\",\"url\":\"https:\\\/\\\/kingdapump.com\\\/wp-content\\\/uploads\\\/2022\\\/01\\\/cropped-Slurry-pump_water-pump-manufacturer-1.png\",\"contentUrl\":\"https:\\\/\\\/kingdapump.com\\\/wp-content\\\/uploads\\\/2022\\\/01\\\/cropped-Slurry-pump_water-pump-manufacturer-1.png\",\"width\":220,\"height\":86,\"caption\":\"kingdapump.com\"},\"image\":{\"@id\":\"https:\\\/\\\/kingdapump.com\\\/#\\\/schema\\\/logo\\\/image\\\/\"}}]}<\/script>\n<!-- \/ Yoast SEO Premium plugin. -->","yoast_head_json":{"title":"Datenschutzrichtlinie - Kingda Pumpe","robots":{"index":"index","follow":"follow","max-snippet":"max-snippet:-1","max-image-preview":"max-image-preview:large","max-video-preview":"max-video-preview:-1"},"canonical":"https:\/\/kingdapump.com\/de\/datenschutzrichtlinie\/","og_locale":"de_DE","og_type":"article","og_title":"Privacy-Policy","og_description":"Privacy Policy Your privacy is important to us. It is Kingdapump\u2019s policy to respect your privacy and comply with any applicable law and regulation regarding any personal information we may collect about you, including across our website, https:\/\/kingdapump.com\/, and other sites we own and operate. This policy is effective as of 8 August 2021 and [&hellip;]","og_url":"https:\/\/kingdapump.com\/de\/datenschutzrichtlinie\/","og_site_name":"Kingda Pump","article_modified_time":"2022-01-25T01:48:20+00:00","twitter_card":"summary_large_image","twitter_misc":{"Gesch\u00e4tzte Lesezeit":"6\u00a0Minuten"},"schema":{"@context":"https:\/\/schema.org","@graph":[{"@type":"WebPage","@id":"https:\/\/kingdapump.com\/privacy-policy\/","url":"https:\/\/kingdapump.com\/privacy-policy\/","name":"Datenschutzrichtlinie - Kingda Pumpe","isPartOf":{"@id":"https:\/\/kingdapump.com\/#website"},"datePublished":"2022-01-24T02:39:27+00:00","dateModified":"2022-01-25T01:48:20+00:00","breadcrumb":{"@id":"https:\/\/kingdapump.com\/privacy-policy\/#breadcrumb"},"inLanguage":"de","potentialAction":[{"@type":"ReadAction","target":["https:\/\/kingdapump.com\/privacy-policy\/"]}]},{"@type":"BreadcrumbList","@id":"https:\/\/kingdapump.com\/privacy-policy\/#breadcrumb","itemListElement":[{"@type":"ListItem","position":1,"name":"\u9996\u9875","item":"https:\/\/kingdapump.com\/"},{"@type":"ListItem","position":2,"name":"Privacy-Policy"}]},{"@type":"WebSite","@id":"https:\/\/kingdapump.com\/#website","url":"https:\/\/kingdapump.com\/","name":"kingdapump.com","description":"Seit 1948 \u2013 Experten f\u00fcr Schlammpumpen","publisher":{"@id":"https:\/\/kingdapump.com\/#organization"},"potentialAction":[{"@type":"SearchAction","target":{"@type":"EntryPoint","urlTemplate":"https:\/\/kingdapump.com\/?s={search_term_string}"},"query-input":{"@type":"PropertyValueSpecification","valueRequired":true,"valueName":"search_term_string"}}],"inLanguage":"de"},{"@type":"Organization","@id":"https:\/\/kingdapump.com\/#organization","name":"kingdapump.com","url":"https:\/\/kingdapump.com\/","logo":{"@type":"ImageObject","inLanguage":"de","@id":"https:\/\/kingdapump.com\/#\/schema\/logo\/image\/","url":"https:\/\/kingdapump.com\/wp-content\/uploads\/2022\/01\/cropped-Slurry-pump_water-pump-manufacturer-1.png","contentUrl":"https:\/\/kingdapump.com\/wp-content\/uploads\/2022\/01\/cropped-Slurry-pump_water-pump-manufacturer-1.png","width":220,"height":86,"caption":"kingdapump.com"},"image":{"@id":"https:\/\/kingdapump.com\/#\/schema\/logo\/image\/"}}]}},"_links":{"self":[{"href":"https:\/\/kingdapump.com\/de\/wp-json\/wp\/v2\/pages\/1106","targetHints":{"allow":["GET"]}}],"collection":[{"href":"https:\/\/kingdapump.com\/de\/wp-json\/wp\/v2\/pages"}],"about":[{"href":"https:\/\/kingdapump.com\/de\/wp-json\/wp\/v2\/types\/page"}],"author":[{"embeddable":true,"href":"https:\/\/kingdapump.com\/de\/wp-json\/wp\/v2\/users\/1"}],"replies":[{"embeddable":true,"href":"https:\/\/kingdapump.com\/de\/wp-json\/wp\/v2\/comments?post=1106"}],"version-history":[{"count":14,"href":"https:\/\/kingdapump.com\/de\/wp-json\/wp\/v2\/pages\/1106\/revisions"}],"predecessor-version":[{"id":1171,"href":"https:\/\/kingdapump.com\/de\/wp-json\/wp\/v2\/pages\/1106\/revisions\/1171"}],"wp:attachment":[{"href":"https:\/\/kingdapump.com\/de\/wp-json\/wp\/v2\/media?parent=1106"}],"curies":[{"name":"wp","href":"https:\/\/api.w.org\/{rel}","templated":true}]}}