{"id":1108,"date":"2022-01-24T10:39:42","date_gmt":"2022-01-24T02:39:42","guid":{"rendered":"https:\/\/kingdapump.com\/?page_id=1108"},"modified":"2022-01-25T09:46:47","modified_gmt":"2022-01-25T01:46:47","slug":"geschaftsbedingungen","status":"publish","type":"page","link":"https:\/\/kingdapump.com\/de\/terms-conditions\/","title":{"rendered":"Allgemeine Gesch\u00e4ftsbedingungen"},"content":{"rendered":"<div data-elementor-type=\"wp-page\" data-elementor-id=\"1108\" class=\"elementor elementor-1108\" data-elementor-post-type=\"page\">\n\t\t\t\t\t\t<section class=\"elementor-section elementor-top-section elementor-element elementor-element-4054369 elementor-section-boxed elementor-section-height-default elementor-section-height-default\" data-id=\"4054369\" data-element_type=\"section\">\n\t\t\t\t\t\t<div class=\"elementor-container elementor-column-gap-default\">\n\t\t\t\t\t<div class=\"elementor-column elementor-col-100 elementor-top-column elementor-element elementor-element-331efdc\" data-id=\"331efdc\" data-element_type=\"column\">\n\t\t\t<div class=\"elementor-widget-wrap elementor-element-populated\">\n\t\t\t\t\t\t<div class=\"elementor-element elementor-element-70e1d1f elementor-widget elementor-widget-text-editor\" data-id=\"70e1d1f\" data-element_type=\"widget\" data-widget_type=\"text-editor.default\">\n\t\t\t\t<div class=\"elementor-widget-container\">\n\t\t\t\t\t\t\t\t\t<h1 id=\"headline-3-12\" class=\"ct-headline mb-16\"><span id=\"span-4-12\" class=\"ct-span\">Allgemeine Gesch\u00e4ftsbedingungen<\/span><\/h1><div id=\"_rich_text-6-12\" class=\"oxy-rich-text\"><p>Willkommen bei Kingdapump!<\/p><p>Diese Allgemeinen Gesch\u00e4ftsbedingungen regeln die Nutzung der Website von Kingdapump LLC unter folgender Adresse: <a href=\"https:\/\/kingdapump.com\/de\/\">https:\/\/kingdapump.com\/<\/a>.<\/p><p>Mit dem Zugriff auf diese Website erkl\u00e4ren Sie sich mit diesen Nutzungsbedingungen einverstanden. Bitte nutzen Sie Kingdapump nicht weiter, wenn Sie nicht allen auf dieser Seite aufgef\u00fchrten Nutzungsbedingungen zustimmen.<\/p><h4>Cookies:<\/h4><p>Diese Website verwendet Cookies, um Ihr Online-Erlebnis zu personalisieren. Durch den Zugriff auf Kingdapump erkl\u00e4ren Sie sich mit der Verwendung der erforderlichen Cookies einverstanden.<\/p><p>Ein Cookie ist eine Textdatei, die von einem Webserver auf Ihrer Festplatte gespeichert wird. Cookies k\u00f6nnen nicht verwendet werden, um Programme auszuf\u00fchren oder Viren auf Ihren Computer zu \u00fcbertragen. Cookies sind eindeutig Ihnen zugeordnet und k\u00f6nnen nur von einem Webserver in der Domain gelesen werden, die den Cookie ausgestellt hat.<\/p><p>Wir verwenden m\u00f6glicherweise Cookies, um Informationen f\u00fcr statistische oder Marketingzwecke zu erfassen, zu speichern und auszuwerten und so unsere Website zu betreiben. Sie k\u00f6nnen optionale Cookies akzeptieren oder ablehnen. Einige Cookies sind f\u00fcr den Betrieb unserer Website erforderlich. Diese Cookies ben\u00f6tigen keine Zustimmung, da sie immer funktionieren. Bitte beachten Sie, dass Sie mit der Annahme erforderlicher Cookies auch Cookies von Drittanbietern akzeptieren. Diese k\u00f6nnen \u00fcber Dienste von Drittanbietern verwendet werden, wenn Sie solche Dienste auf unserer Website nutzen, beispielsweise ein von Drittanbietern bereitgestelltes und in unsere Website integriertes Videofenster.<\/p><h4>Lizenz:<\/h4><p>Sofern nicht anders angegeben, liegen die Rechte am geistigen Eigentum aller Inhalte auf Kingdapump bei Kingdapump LLC und\/oder deren Lizenzgebern. Alle Rechte sind vorbehalten. Sie d\u00fcrfen die Inhalte von Kingdapump f\u00fcr Ihren pers\u00f6nlichen Gebrauch unter Beachtung der in diesen Nutzungsbedingungen festgelegten Einschr\u00e4nkungen nutzen.<\/p><p>Sie d\u00fcrfen nicht:<\/p><ul><li>Material von Kingdapump kopieren oder erneut ver\u00f6ffentlichen<\/li><li>Verkaufen, vermieten oder unterlizenzieren Sie kein Material von Kingdapump.<\/li><li>Material von Kingdapump reproduzieren, vervielf\u00e4ltigen oder kopieren ist untersagt.<\/li><li>Inhalte von Kingdapump weiterverbreiten<\/li><\/ul><p>Diese Vereinbarung tritt mit dem heutigen Datum in Kraft.<\/p><p>Teile dieser Website bieten Nutzern die M\u00f6glichkeit, Meinungen und Informationen in bestimmten Bereichen der Website zu ver\u00f6ffentlichen und auszutauschen. Kingdapump LLC filtert, bearbeitet, ver\u00f6ffentlicht oder \u00fcberpr\u00fcft Kommentare nicht, bevor diese auf der Website erscheinen. Kommentare spiegeln nicht die Ansichten und Meinungen von Kingdapump LLC, deren Vertretern und\/oder verbundenen Unternehmen wider. Kommentare geben ausschlie\u00dflich die Ansichten und Meinungen der jeweiligen Verfasser wieder. Soweit gesetzlich zul\u00e4ssig, haftet Kingdapump LLC nicht f\u00fcr die Kommentare oder f\u00fcr jegliche Haftung, Sch\u00e4den oder Kosten, die durch die Nutzung, Ver\u00f6ffentlichung oder das Erscheinen der Kommentare auf dieser Website verursacht wurden.<\/p><p>Kingdapump LLC beh\u00e4lt sich das Recht vor, alle Kommentare zu \u00fcberwachen und Kommentare zu entfernen, die als unangemessen oder beleidigend angesehen werden k\u00f6nnen oder einen Versto\u00df gegen diese Allgemeinen Gesch\u00e4ftsbedingungen darstellen.<\/p><p>Sie garantieren und versichern, dass:<\/p><ul><li>Sie sind berechtigt, die Kommentare auf unserer Website zu ver\u00f6ffentlichen und verf\u00fcgen \u00fcber alle daf\u00fcr erforderlichen Lizenzen und Genehmigungen;<\/li><li>Die Kommentare verletzen keine geistigen Eigentumsrechte, insbesondere keine Urheber-, Patent- oder Markenrechte Dritter;<\/li><li>Die Kommentare enthalten keinerlei diffamierende, beleidigende, anst\u00f6\u00dfige, unanst\u00e4ndige oder anderweitig rechtswidrige Inhalte, die einen Eingriff in die Privatsph\u00e4re darstellen.<\/li><li>Die Kommentare werden nicht dazu verwendet, Gesch\u00e4fte oder Kunden anzuwerben oder zu f\u00f6rdern oder kommerzielle Aktivit\u00e4ten oder ungesetzliche Aktivit\u00e4ten darzustellen.<\/li><\/ul><p>Sie erteilen Kingdapump LLC hiermit eine nicht-exklusive Lizenz zur Nutzung, Vervielf\u00e4ltigung und Bearbeitung Ihrer Kommentare sowie zur Erm\u00e4chtigung Dritter zur Nutzung, Vervielf\u00e4ltigung und Bearbeitung dieser Kommentare in jeglicher Form, jeglichem Format und jeglichem Medium.<\/p><h4>Hyperlinks zu unseren Inhalten:<\/h4><p>Folgende Organisationen d\u00fcrfen ohne vorherige schriftliche Genehmigung auf unsere Website verlinken:<\/p><ul><li>Regierungsbeh\u00f6rden;<\/li><li>Suchmaschinen;<\/li><li>Nachrichtenorganisationen;<\/li><li>Online-Verzeichnisanbieter d\u00fcrfen auf unsere Website in der gleichen Weise verlinken wie auf die Websites anderer gelisteter Unternehmen; und<\/li><li>Systemweit akkreditierte Unternehmen, mit Ausnahme von gemeinn\u00fctzigen Organisationen, Wohlt\u00e4tigkeits-Einkaufszentren und Wohlt\u00e4tigkeits-Spendenorganisationen, die keinen Hyperlink zu unserer Website verwenden d\u00fcrfen.<\/li><\/ul><p>Diese Organisationen d\u00fcrfen auf unsere Homepage, auf Ver\u00f6ffentlichungen oder auf andere Informationen unserer Website verlinken, sofern der Link: (a) in keiner Weise irref\u00fchrend ist; (b) keine falsche Sponsoring-, Unterst\u00fctzungs- oder Genehmigungsbeziehung zwischen der verlinkenden Partei und ihren Produkten und\/oder Dienstleistungen suggeriert; und (c) in den Kontext der Website der verlinkenden Partei passt.<\/p><p>Wir k\u00f6nnen weitere Linkanfragen von folgenden Arten von Organisationen pr\u00fcfen und genehmigen:<\/p><ul><li>allgemein bekannte Informationsquellen f\u00fcr Verbraucher und\/oder Unternehmen;<\/li><li>.com-Community-Websites;<\/li><li>Verb\u00e4nde oder andere Gruppen, die Wohlt\u00e4tigkeitsorganisationen vertreten;<\/li><li>Online-Verzeichnisvertreiber;<\/li><li>Internetportale;<\/li><li>Wirtschaftspr\u00fcfungs-, Anwalts- und Beratungsfirmen; und<\/li><li>Bildungseinrichtungen und Wirtschaftsverb\u00e4nde.<\/li><\/ul><p>Wir werden Linkanfragen dieser Organisationen genehmigen, wenn wir zu dem Schluss kommen, dass: (a) der Link uns oder unseren akkreditierten Unternehmen nicht schadet; (b) die Organisation keine negativen Eintr\u00e4ge bei uns hat; (c) der Nutzen f\u00fcr uns aus der Sichtbarkeit des Hyperlinks das Fehlen von Kingdapump LLC kompensiert; und (d) der Link im Kontext allgemeiner Ressourceninformationen steht.<\/p><p>Diese Organisationen d\u00fcrfen auf unsere Homepage verlinken, sofern der Link: (a) in keiner Weise irref\u00fchrend ist; (b) keine falsche Sponsoring-, Unterst\u00fctzungs- oder Genehmigungsbeziehung zwischen der verlinkenden Partei und ihren Produkten oder Dienstleistungen suggeriert; und (c) in den Kontext der Website der verlinkenden Partei passt.<\/p><p>Wenn Sie zu den in Absatz 2 genannten Organisationen geh\u00f6ren und an einer Verlinkung zu unserer Website interessiert sind, informieren Sie uns bitte per E-Mail an Kingdapump LLC. Geben Sie dabei bitte Ihren Namen, den Namen Ihrer Organisation, Ihre Kontaktdaten sowie die URL Ihrer Website, eine Liste aller URLs, von denen Sie auf unsere Website verlinken m\u00f6chten, und eine Liste der URLs auf unserer Website an, auf die Sie verlinken m\u00f6chten. Bitte haben Sie etwas Geduld \u2013 wir melden uns innerhalb von zwei bis drei Wochen bei Ihnen.<\/p><p>Zugelassene Organisationen d\u00fcrfen wie folgt auf unsere Website verlinken:<\/p><ul><li>Durch die Verwendung unseres Firmennamens; oder<\/li><li>Durch Verwendung der verkn\u00fcpften URL; oder<\/li><li>Eine andere Beschreibung unserer Website, auf die verlinkt wird, die im Kontext und Format der Inhalte auf der Website des verlinkenden Anbieters sinnvoll ist.<\/li><\/ul><p>Die Verwendung des Logos oder anderer Grafiken von Kingdapump LLC ist ohne eine Markenlizenzvereinbarung nicht gestattet.<\/p><h4>Inhaltshaftung:<\/h4><p>Wir \u00fcbernehmen keine Verantwortung f\u00fcr Inhalte, die auf Ihrer Website erscheinen. Sie verpflichten sich, uns gegen alle Anspr\u00fcche zu verteidigen, die im Zusammenhang mit Ihrer Website erhoben werden. Es d\u00fcrfen keine Links auf Websites erscheinen, die als verleumderisch, obsz\u00f6n oder kriminell ausgelegt werden k\u00f6nnen oder die Rechte Dritter verletzen oder deren Verletzung bef\u00fcrworten.<\/p><h4>Rechtevorbehalt:<\/h4><p>Wir behalten uns das Recht vor, die Entfernung aller oder einzelner Links zu unserer Website zu verlangen. Sie verpflichten sich, alle Links zu unserer Website auf Anfrage unverz\u00fcglich zu entfernen. Wir behalten uns au\u00dferdem das Recht vor, diese Nutzungsbedingungen und unsere Linkrichtlinien jederzeit zu \u00e4ndern. Durch die fortgesetzte Verlinkung auf unsere Website erkl\u00e4ren Sie sich mit diesen Nutzungsbedingungen f\u00fcr die Verlinkung einverstanden.<\/p><h4>Entfernung von Links von unserer Website:<\/h4><p>Sollten Sie auf unserer Website einen Link finden, der aus irgendeinem Grund anst\u00f6\u00dfig ist, k\u00f6nnen Sie uns jederzeit kontaktieren und uns dar\u00fcber informieren. Wir werden Anfragen zur Entfernung von Links pr\u00fcfen, sind jedoch nicht verpflichtet, diesen nachzukommen oder Ihnen direkt zu antworten.<\/p><p>Wir \u00fcbernehmen keine Gew\u00e4hr f\u00fcr die Richtigkeit der Informationen auf dieser Website. Wir garantieren weder deren Vollst\u00e4ndigkeit noch deren Genauigkeit und versprechen auch nicht, dass die Website jederzeit verf\u00fcgbar bleibt oder dass die Inhalte der Website stets aktuell sind.<\/p><h4>Haftungsausschluss:<\/h4><p>Soweit gesetzlich zul\u00e4ssig, schlie\u00dfen wir jegliche Zusicherungen, Gew\u00e4hrleistungen und Bedingungen in Bezug auf unsere Website und deren Nutzung aus. Nichts in diesem Haftungsausschluss schr\u00e4nkt Folgendes ein:<\/p><ul><li>Beschr\u00e4nken oder schlie\u00dfen Sie unsere oder Ihre Haftung f\u00fcr Tod oder K\u00f6rperverletzung aus;<\/li><li>Wir beschr\u00e4nken oder schlie\u00dfen unsere oder Ihre Haftung f\u00fcr Betrug oder arglistige T\u00e4uschung aus;<\/li><li>unsere oder Ihre Haftung in irgendeiner Weise zu beschr\u00e4nken, die nach geltendem Recht nicht zul\u00e4ssig ist; oder<\/li><li>Ausschlie\u00dfen d\u00fcrfen wir keine Haftung unsererseits oder Ihrerseits, soweit diese nach geltendem Recht nicht ausgeschlossen werden kann.<\/li><\/ul><p>Die in diesem Abschnitt und an anderer Stelle in diesem Haftungsausschluss festgelegten Haftungsbeschr\u00e4nkungen und -ausschl\u00fcsse: (a) unterliegen dem vorstehenden Absatz; und (b) gelten f\u00fcr alle Haftungen, die sich aus diesem Haftungsausschluss ergeben, einschlie\u00dflich Haftungen aus Vertrag, unerlaubter Handlung und Verletzung gesetzlicher Pflichten.<\/p><p>Solange die Website und die Informationen und Dienstleistungen auf der Website kostenlos zur Verf\u00fcgung gestellt werden, \u00fcbernehmen wir keine Haftung f\u00fcr Verluste oder Sch\u00e4den jeglicher Art.<\/p><\/div>\t\t\t\t\t\t\t\t<\/div>\n\t\t\t\t<\/div>\n\t\t\t\t\t<\/div>\n\t\t<\/div>\n\t\t\t\t\t<\/div>\n\t\t<\/section>\n\t\t\t\t<\/div>","protected":false},"excerpt":{"rendered":"<p>Terms &amp; Conditions Welcome to Kingdapump! These terms and conditions outline the rules and regulations for the use of Kingdapump LLC&#8217;s Website, located at https:\/\/kingdapump.com\/. By accessing this website, we assume you accept these terms and conditions. Do not continue to use Kingdapump if you do not agree to take all of the terms and [&hellip;]<\/p>\n","protected":false},"author":1,"featured_media":0,"parent":0,"menu_order":0,"comment_status":"closed","ping_status":"closed","template":"","meta":{"footnotes":""},"class_list":["post-1108","page","type-page","status-publish","hentry"],"yoast_head":"<!-- This site is optimized with the Yoast SEO Premium plugin v25.8 (Yoast SEO v27.4) - https:\/\/yoast.com\/product\/yoast-seo-premium-wordpress\/ -->\n<title>Terms &amp; Conditions - Kingda Pump<\/title>\n<meta name=\"robots\" content=\"index, follow, max-snippet:-1, max-image-preview:large, max-video-preview:-1\" \/>\n<link rel=\"canonical\" href=\"https:\/\/kingdapump.com\/de\/geschaftsbedingungen\/\" \/>\n<meta property=\"og:locale\" content=\"de_DE\" \/>\n<meta property=\"og:type\" content=\"article\" \/>\n<meta property=\"og:title\" content=\"Terms &amp; Conditions\" \/>\n<meta property=\"og:description\" content=\"Terms &amp; Conditions Welcome to Kingdapump! These terms and conditions outline the rules and regulations for the use of Kingdapump LLC&#8217;s Website, located at https:\/\/kingdapump.com\/. By accessing this website, we assume you accept these terms and conditions. Do not continue to use Kingdapump if you do not agree to take all of the terms and [&hellip;]\" \/>\n<meta property=\"og:url\" content=\"https:\/\/kingdapump.com\/de\/geschaftsbedingungen\/\" \/>\n<meta property=\"og:site_name\" content=\"Kingda Pump\" \/>\n<meta property=\"article:modified_time\" content=\"2022-01-25T01:46:47+00:00\" \/>\n<meta name=\"twitter:card\" content=\"summary_large_image\" \/>\n<meta name=\"twitter:label1\" content=\"Gesch\u00e4tzte Lesezeit\" \/>\n\t<meta name=\"twitter:data1\" content=\"7\u00a0Minuten\" \/>\n<script type=\"application\/ld+json\" class=\"yoast-schema-graph\">{\"@context\":\"https:\\\/\\\/schema.org\",\"@graph\":[{\"@type\":\"WebPage\",\"@id\":\"https:\\\/\\\/kingdapump.com\\\/terms-conditions\\\/\",\"url\":\"https:\\\/\\\/kingdapump.com\\\/terms-conditions\\\/\",\"name\":\"Terms & Conditions - Kingda Pump\",\"isPartOf\":{\"@id\":\"https:\\\/\\\/kingdapump.com\\\/#website\"},\"datePublished\":\"2022-01-24T02:39:42+00:00\",\"dateModified\":\"2022-01-25T01:46:47+00:00\",\"breadcrumb\":{\"@id\":\"https:\\\/\\\/kingdapump.com\\\/terms-conditions\\\/#breadcrumb\"},\"inLanguage\":\"de\",\"potentialAction\":[{\"@type\":\"ReadAction\",\"target\":[\"https:\\\/\\\/kingdapump.com\\\/terms-conditions\\\/\"]}]},{\"@type\":\"BreadcrumbList\",\"@id\":\"https:\\\/\\\/kingdapump.com\\\/terms-conditions\\\/#breadcrumb\",\"itemListElement\":[{\"@type\":\"ListItem\",\"position\":1,\"name\":\"\u9996\u9875\",\"item\":\"https:\\\/\\\/kingdapump.com\\\/\"},{\"@type\":\"ListItem\",\"position\":2,\"name\":\"Terms &#038; Conditions\"}]},{\"@type\":\"WebSite\",\"@id\":\"https:\\\/\\\/kingdapump.com\\\/#website\",\"url\":\"https:\\\/\\\/kingdapump.com\\\/\",\"name\":\"kingdapump.com\",\"description\":\"Since 1948 \u2014 Slurry Pump Experts\",\"publisher\":{\"@id\":\"https:\\\/\\\/kingdapump.com\\\/#organization\"},\"potentialAction\":[{\"@type\":\"SearchAction\",\"target\":{\"@type\":\"EntryPoint\",\"urlTemplate\":\"https:\\\/\\\/kingdapump.com\\\/?s={search_term_string}\"},\"query-input\":{\"@type\":\"PropertyValueSpecification\",\"valueRequired\":true,\"valueName\":\"search_term_string\"}}],\"inLanguage\":\"de\"},{\"@type\":\"Organization\",\"@id\":\"https:\\\/\\\/kingdapump.com\\\/#organization\",\"name\":\"kingdapump.com\",\"url\":\"https:\\\/\\\/kingdapump.com\\\/\",\"logo\":{\"@type\":\"ImageObject\",\"inLanguage\":\"de\",\"@id\":\"https:\\\/\\\/kingdapump.com\\\/#\\\/schema\\\/logo\\\/image\\\/\",\"url\":\"https:\\\/\\\/kingdapump.com\\\/wp-content\\\/uploads\\\/2022\\\/01\\\/cropped-Slurry-pump_water-pump-manufacturer-1.png\",\"contentUrl\":\"https:\\\/\\\/kingdapump.com\\\/wp-content\\\/uploads\\\/2022\\\/01\\\/cropped-Slurry-pump_water-pump-manufacturer-1.png\",\"width\":220,\"height\":86,\"caption\":\"kingdapump.com\"},\"image\":{\"@id\":\"https:\\\/\\\/kingdapump.com\\\/#\\\/schema\\\/logo\\\/image\\\/\"}}]}<\/script>\n<!-- \/ Yoast SEO Premium plugin. -->","yoast_head_json":{"title":"Allgemeine Gesch\u00e4ftsbedingungen - Kingda Pumpe","robots":{"index":"index","follow":"follow","max-snippet":"max-snippet:-1","max-image-preview":"max-image-preview:large","max-video-preview":"max-video-preview:-1"},"canonical":"https:\/\/kingdapump.com\/de\/geschaftsbedingungen\/","og_locale":"de_DE","og_type":"article","og_title":"Terms & Conditions","og_description":"Terms &amp; Conditions Welcome to Kingdapump! These terms and conditions outline the rules and regulations for the use of Kingdapump LLC&#8217;s Website, located at https:\/\/kingdapump.com\/. By accessing this website, we assume you accept these terms and conditions. Do not continue to use Kingdapump if you do not agree to take all of the terms and [&hellip;]","og_url":"https:\/\/kingdapump.com\/de\/geschaftsbedingungen\/","og_site_name":"Kingda Pump","article_modified_time":"2022-01-25T01:46:47+00:00","twitter_card":"summary_large_image","twitter_misc":{"Gesch\u00e4tzte Lesezeit":"7\u00a0Minuten"},"schema":{"@context":"https:\/\/schema.org","@graph":[{"@type":"WebPage","@id":"https:\/\/kingdapump.com\/terms-conditions\/","url":"https:\/\/kingdapump.com\/terms-conditions\/","name":"Allgemeine Gesch\u00e4ftsbedingungen - Kingda Pumpe","isPartOf":{"@id":"https:\/\/kingdapump.com\/#website"},"datePublished":"2022-01-24T02:39:42+00:00","dateModified":"2022-01-25T01:46:47+00:00","breadcrumb":{"@id":"https:\/\/kingdapump.com\/terms-conditions\/#breadcrumb"},"inLanguage":"de","potentialAction":[{"@type":"ReadAction","target":["https:\/\/kingdapump.com\/terms-conditions\/"]}]},{"@type":"BreadcrumbList","@id":"https:\/\/kingdapump.com\/terms-conditions\/#breadcrumb","itemListElement":[{"@type":"ListItem","position":1,"name":"\u9996\u9875","item":"https:\/\/kingdapump.com\/"},{"@type":"ListItem","position":2,"name":"Terms &#038; Conditions"}]},{"@type":"WebSite","@id":"https:\/\/kingdapump.com\/#website","url":"https:\/\/kingdapump.com\/","name":"kingdapump.com","description":"Seit 1948 \u2013 Experten f\u00fcr Schlammpumpen","publisher":{"@id":"https:\/\/kingdapump.com\/#organization"},"potentialAction":[{"@type":"SearchAction","target":{"@type":"EntryPoint","urlTemplate":"https:\/\/kingdapump.com\/?s={search_term_string}"},"query-input":{"@type":"PropertyValueSpecification","valueRequired":true,"valueName":"search_term_string"}}],"inLanguage":"de"},{"@type":"Organization","@id":"https:\/\/kingdapump.com\/#organization","name":"kingdapump.com","url":"https:\/\/kingdapump.com\/","logo":{"@type":"ImageObject","inLanguage":"de","@id":"https:\/\/kingdapump.com\/#\/schema\/logo\/image\/","url":"https:\/\/kingdapump.com\/wp-content\/uploads\/2022\/01\/cropped-Slurry-pump_water-pump-manufacturer-1.png","contentUrl":"https:\/\/kingdapump.com\/wp-content\/uploads\/2022\/01\/cropped-Slurry-pump_water-pump-manufacturer-1.png","width":220,"height":86,"caption":"kingdapump.com"},"image":{"@id":"https:\/\/kingdapump.com\/#\/schema\/logo\/image\/"}}]}},"_links":{"self":[{"href":"https:\/\/kingdapump.com\/de\/wp-json\/wp\/v2\/pages\/1108","targetHints":{"allow":["GET"]}}],"collection":[{"href":"https:\/\/kingdapump.com\/de\/wp-json\/wp\/v2\/pages"}],"about":[{"href":"https:\/\/kingdapump.com\/de\/wp-json\/wp\/v2\/types\/page"}],"author":[{"embeddable":true,"href":"https:\/\/kingdapump.com\/de\/wp-json\/wp\/v2\/users\/1"}],"replies":[{"embeddable":true,"href":"https:\/\/kingdapump.com\/de\/wp-json\/wp\/v2\/comments?post=1108"}],"version-history":[{"count":10,"href":"https:\/\/kingdapump.com\/de\/wp-json\/wp\/v2\/pages\/1108\/revisions"}],"predecessor-version":[{"id":1165,"href":"https:\/\/kingdapump.com\/de\/wp-json\/wp\/v2\/pages\/1108\/revisions\/1165"}],"wp:attachment":[{"href":"https:\/\/kingdapump.com\/de\/wp-json\/wp\/v2\/media?parent=1108"}],"curies":[{"name":"wp","href":"https:\/\/api.w.org\/{rel}","templated":true}]}}