{"id":1106,"date":"2022-01-24T10:39:27","date_gmt":"2022-01-24T02:39:27","guid":{"rendered":"https:\/\/kingdapump.com\/?page_id=1106"},"modified":"2022-01-25T09:48:20","modified_gmt":"2022-01-25T01:48:20","slug":"politica-de-privacidad","status":"publish","type":"page","link":"https:\/\/kingdapump.com\/es\/privacy-policy\/","title":{"rendered":"Pol\u00edtica de privacidad"},"content":{"rendered":"<div data-elementor-type=\"wp-page\" data-elementor-id=\"1106\" class=\"elementor elementor-1106\" data-elementor-post-type=\"page\">\n\t\t\t\t\t\t<section class=\"elementor-section elementor-top-section elementor-element elementor-element-bd67166 elementor-section-boxed elementor-section-height-default elementor-section-height-default\" data-id=\"bd67166\" data-element_type=\"section\">\n\t\t\t\t\t\t<div class=\"elementor-container elementor-column-gap-default\">\n\t\t\t\t\t<div class=\"elementor-column elementor-col-100 elementor-top-column elementor-element elementor-element-a187b6e\" data-id=\"a187b6e\" data-element_type=\"column\">\n\t\t\t<div class=\"elementor-widget-wrap elementor-element-populated\">\n\t\t\t\t\t\t<div class=\"elementor-element elementor-element-4e2b9cb elementor-widget elementor-widget-text-editor\" data-id=\"4e2b9cb\" data-element_type=\"widget\" data-widget_type=\"text-editor.default\">\n\t\t\t\t<div class=\"elementor-widget-container\">\n\t\t\t\t\t\t\t\t\t<h1>pol\u00edtica de privacidad<\/h1><div><p>Su privacidad es importante para nosotros. La pol\u00edtica de Kingdapump es respetar su privacidad y cumplir con todas las leyes y regulaciones aplicables con respecto a cualquier informaci\u00f3n personal que recopilemos sobre usted, incluso en nuestro sitio web. <a href=\"https:\/\/kingdapump.com\/es\/\">https:\/\/kingdapump.com\/<\/a>y otros sitios que poseemos y operamos.<\/p><p>Esta pol\u00edtica entra en vigor el 8 de agosto de 2021 y se actualiz\u00f3 por \u00faltima vez el 8 de agosto de 2021.<\/p><h3>Informaci\u00f3n que recopilamos<\/h3><p>La informaci\u00f3n que recopilamos incluye tanto la informaci\u00f3n que usted nos proporciona consciente y activamente al usar o participar en cualquiera de nuestros servicios y promociones, como cualquier informaci\u00f3n enviada autom\u00e1ticamente por sus dispositivos al acceder a nuestros productos y servicios.<\/p><h4>Datos de registro<\/h4><p>Al visitar nuestro sitio web, nuestros servidores pueden registrar autom\u00e1ticamente los datos est\u00e1ndar proporcionados por su navegador. Estos pueden incluir la direcci\u00f3n IP de su dispositivo, el tipo y la versi\u00f3n de su navegador, las p\u00e1ginas que visita, la hora y fecha de su visita, el tiempo que pasa en cada p\u00e1gina, otros detalles sobre su visita y detalles t\u00e9cnicos relacionados con cualquier error que pueda encontrar.<\/p><p>Tenga en cuenta que, si bien esta informaci\u00f3n puede no ser personalmente identificable por s\u00ed sola, es posible combinarla con otros datos para identificar personalmente a personas individuales.<\/p><h4>Informaci\u00f3n personal<\/h4><p>Es posible que le solicitemos informaci\u00f3n personal que puede incluir uno o m\u00e1s de los siguientes:<\/p><ul><li>Nombre<\/li><li>Correo electr\u00f3nico<\/li><\/ul><h4>Razones leg\u00edtimas para procesar su informaci\u00f3n personal<\/h4><p>Solo recopilamos y utilizamos su informaci\u00f3n personal cuando tenemos un motivo leg\u00edtimo para hacerlo. En ese caso, solo recopilamos la informaci\u00f3n personal que sea razonablemente necesaria para prestarle nuestros servicios.<\/p><h4>Recopilaci\u00f3n y uso de informaci\u00f3n<\/h4><p>Podemos recopilar su informaci\u00f3n personal cuando realiza cualquiera de las siguientes acciones en nuestro sitio web:<\/p><ul><li>Utilice un dispositivo m\u00f3vil o un navegador web para acceder a nuestro contenido<\/li><li>Cont\u00e1ctenos por correo electr\u00f3nico, redes sociales o cualquier tecnolog\u00eda similar.<\/li><li>Cuando nos mencionas en las redes sociales<\/li><\/ul><p>Podemos recopilar, conservar, usar y divulgar informaci\u00f3n para los siguientes fines, y la informaci\u00f3n personal no se procesar\u00e1 m\u00e1s de una manera que sea incompatible con estos fines:<\/p><p>Podemos recopilar, conservar, usar y divulgar informaci\u00f3n para los siguientes fines, y la informaci\u00f3n personal no se procesar\u00e1 m\u00e1s de una manera que sea incompatible con estos fines:<\/p><ul><li>para permitirle personalizar su experiencia en nuestro sitio web<\/li><li>para an\u00e1lisis, investigaci\u00f3n de mercado y desarrollo comercial, incluido el funcionamiento y la mejora de nuestro sitio web, aplicaciones asociadas y plataformas de redes sociales asociadas<\/li><\/ul><p>Tenga en cuenta que podemos combinar la informaci\u00f3n que recopilemos sobre usted con informaci\u00f3n general o datos de investigaci\u00f3n que recibimos de otras fuentes confiables.<\/p><h4>Seguridad de su informaci\u00f3n personal<\/h4><p>Cuando recopilamos y procesamos informaci\u00f3n personal, y mientras retenemos dicha informaci\u00f3n, la protegeremos mediante medios comercialmente aceptables para evitar p\u00e9rdida y robo, as\u00ed como acceso, divulgaci\u00f3n, copia, uso o modificaci\u00f3n no autorizados.<\/p><p>Si bien haremos todo lo posible por proteger la informaci\u00f3n personal que nos proporcione, le advertimos que ning\u00fan m\u00e9todo de transmisi\u00f3n o almacenamiento electr\u00f3nico es seguro, y nadie puede garantizar la seguridad absoluta de los datos. Cumpliremos con la legislaci\u00f3n aplicable en caso de cualquier violaci\u00f3n de datos.<\/p><p>Usted es responsable de seleccionar cualquier contrase\u00f1a y su nivel de seguridad general, garantizando la seguridad de su propia informaci\u00f3n dentro de los l\u00edmites de nuestros servicios.<\/p><h4>Cu\u00e1nto tiempo conservamos su informaci\u00f3n personal<\/h4><p>Conservamos su informaci\u00f3n personal solo el tiempo que sea necesario. Este periodo puede depender del uso que le demos, de acuerdo con esta pol\u00edtica de privacidad. Si su informaci\u00f3n personal ya no es necesaria, la eliminaremos o la anonimizaremos eliminando todos los datos que le identifiquen.<\/p><p>Sin embargo, si es necesario, podemos conservar su informaci\u00f3n personal para cumplir con una obligaci\u00f3n legal, contable o de informes o para fines de archivo en inter\u00e9s p\u00fablico, fines de investigaci\u00f3n cient\u00edfica o hist\u00f3rica o fines estad\u00edsticos.<\/p><h3>Privacidad de los ni\u00f1os<\/h3><p>No dirigimos ninguno de nuestros productos o servicios directamente a ni\u00f1os menores de 13 a\u00f1os y no recopilamos intencionalmente informaci\u00f3n personal sobre ni\u00f1os menores de 13 a\u00f1os.<\/p><h3>Transferencias internacionales de informaci\u00f3n personal<\/h3><p>La informaci\u00f3n personal que recopilamos se almacena y\/o procesa en las instalaciones que nosotros o nuestros socios, afiliados y proveedores externos tenemos. Tenga en cuenta que las ubicaciones a las que almacenamos, procesamos o transferimos su informaci\u00f3n personal podr\u00edan no tener las mismas leyes de protecci\u00f3n de datos que el pa\u00eds donde usted la proporcion\u00f3 inicialmente. Si transferimos su informaci\u00f3n personal a terceros en otros pa\u00edses: (i) realizaremos dichas transferencias de acuerdo con los requisitos de la legislaci\u00f3n aplicable; y (ii) protegeremos la informaci\u00f3n personal transferida de acuerdo con esta pol\u00edtica de privacidad.<\/p><h3>Sus derechos y el control de su informaci\u00f3n personal<\/h3><p>Usted siempre tiene derecho a no compartir su informaci\u00f3n personal con nosotros, entendiendo que su experiencia en nuestro sitio web podr\u00eda verse afectada. No lo discriminaremos por ejercer sus derechos sobre su informaci\u00f3n personal. Si nos proporciona informaci\u00f3n personal, acepta que la recopilaremos, conservaremos, utilizaremos y divulgaremos de acuerdo con esta pol\u00edtica de privacidad. Usted tiene derecho a solicitar detalles de cualquier informaci\u00f3n personal que tengamos sobre usted.<\/p><p>Si recibimos informaci\u00f3n personal sobre usted de un tercero, la protegeremos seg\u00fan lo establecido en esta pol\u00edtica de privacidad. Si usted es un tercero que proporciona informaci\u00f3n personal sobre otra persona, declara y garantiza que cuenta con el consentimiento de dicha persona para proporcionarnos dicha informaci\u00f3n.<\/p><p>Si previamente acept\u00f3 que utilicemos su informaci\u00f3n personal con fines de marketing directo, puede cambiar de opini\u00f3n en cualquier momento. Le ofreceremos la posibilidad de cancelar su suscripci\u00f3n a nuestra base de datos de correo electr\u00f3nico o de no recibir comunicaciones. Tenga en cuenta que es posible que necesitemos solicitarle informaci\u00f3n espec\u00edfica para confirmar su identidad.<\/p><p>Si considera que alguna informaci\u00f3n que tenemos sobre usted es inexacta, est\u00e1 desactualizada, incompleta, irrelevante o enga\u00f1osa, p\u00f3ngase en contacto con nosotros utilizando los datos proporcionados en esta pol\u00edtica de privacidad. Tomaremos las medidas razonables para corregir cualquier informaci\u00f3n que sea inexacta, incompleta, enga\u00f1osa o desactualizada.<\/p><p>Si considera que hemos incumplido alguna ley de protecci\u00f3n de datos pertinente y desea presentar una reclamaci\u00f3n, p\u00f3ngase en contacto con nosotros utilizando los datos que aparecen a continuaci\u00f3n y proporci\u00f3nenos todos los detalles de la presunta infracci\u00f3n. Investigaremos su reclamaci\u00f3n con prontitud y le responderemos por escrito, explic\u00e1ndole el resultado de nuestra investigaci\u00f3n y las medidas que tomaremos para tramitarla. Tambi\u00e9n tiene derecho a ponerse en contacto con un organismo regulador o una autoridad de protecci\u00f3n de datos en relaci\u00f3n con su reclamaci\u00f3n.<\/p><h3>Uso de cookies<\/h3><p>Utilizamos cookies para recopilar informaci\u00f3n sobre usted y su actividad en nuestro sitio web. Una cookie es un peque\u00f1o fragmento de datos que nuestro sitio web almacena en su ordenador y al que accede cada vez que lo visita, para que podamos comprender c\u00f3mo utiliza nuestro sitio. Esto nos ayuda a ofrecerle contenido seg\u00fan las preferencias que haya especificado.<\/p><h3>L\u00edmites de nuestra pol\u00edtica<\/h3><p>Nuestro sitio web puede enlazar con sitios externos que no operamos. Tenga en cuenta que no tenemos control sobre el contenido ni las pol\u00edticas de dichos sitios, y no nos hacemos responsables de sus respectivas pr\u00e1cticas de privacidad.<\/p><h3>Cambios a esta pol\u00edtica<\/h3><p>A nuestra discreci\u00f3n, podemos modificar nuestra pol\u00edtica de privacidad para reflejar actualizaciones en nuestros procesos comerciales, pr\u00e1cticas aceptables actuales o cambios legislativos o regulatorios. Si decidimos modificar esta pol\u00edtica de privacidad, publicaremos los cambios aqu\u00ed, en el mismo enlace desde el que accede a esta pol\u00edtica de privacidad.<\/p><p>Si la ley lo exige, solicitaremos su permiso o le daremos la oportunidad de aceptar o rechazar, seg\u00fan corresponda, cualquier nuevo uso de su informaci\u00f3n personal.<\/p><h3>Cont\u00e1ctenos<\/h3><p>Para cualquier pregunta o inquietud respecto a su privacidad, puede contactarnos utilizando los siguientes datos:<a href=\"https:\/\/kingdapump.com\/es\/\">https:\/\/kingdapump.com\/<\/a><\/p><\/div>\t\t\t\t\t\t\t\t<\/div>\n\t\t\t\t<\/div>\n\t\t\t\t\t<\/div>\n\t\t<\/div>\n\t\t\t\t\t<\/div>\n\t\t<\/section>\n\t\t\t\t<\/div>","protected":false},"excerpt":{"rendered":"<p>Privacy Policy Your privacy is important to us. It is Kingdapump\u2019s policy to respect your privacy and comply with any applicable law and regulation regarding any personal information we may collect about you, including across our website, https:\/\/kingdapump.com\/, and other sites we own and operate. This policy is effective as of 8 August 2021 and [&hellip;]<\/p>\n","protected":false},"author":1,"featured_media":0,"parent":0,"menu_order":0,"comment_status":"closed","ping_status":"closed","template":"","meta":{"footnotes":""},"class_list":["post-1106","page","type-page","status-publish","hentry"],"yoast_head":"<!-- This site is optimized with the Yoast SEO Premium plugin v25.8 (Yoast SEO v27.4) - https:\/\/yoast.com\/product\/yoast-seo-premium-wordpress\/ -->\n<title>Privacy-Policy - Kingda Pump<\/title>\n<meta name=\"robots\" content=\"index, follow, max-snippet:-1, max-image-preview:large, max-video-preview:-1\" \/>\n<link rel=\"canonical\" href=\"https:\/\/kingdapump.com\/es\/politica-de-privacidad\/\" \/>\n<meta property=\"og:locale\" content=\"es_ES\" \/>\n<meta property=\"og:type\" content=\"article\" \/>\n<meta property=\"og:title\" content=\"Privacy-Policy\" \/>\n<meta property=\"og:description\" content=\"Privacy Policy Your privacy is important to us. It is Kingdapump\u2019s policy to respect your privacy and comply with any applicable law and regulation regarding any personal information we may collect about you, including across our website, https:\/\/kingdapump.com\/, and other sites we own and operate. This policy is effective as of 8 August 2021 and [&hellip;]\" \/>\n<meta property=\"og:url\" content=\"https:\/\/kingdapump.com\/es\/politica-de-privacidad\/\" \/>\n<meta property=\"og:site_name\" content=\"Kingda Pump\" \/>\n<meta property=\"article:modified_time\" content=\"2022-01-25T01:48:20+00:00\" \/>\n<meta name=\"twitter:card\" content=\"summary_large_image\" \/>\n<meta name=\"twitter:label1\" content=\"Tiempo de lectura\" \/>\n\t<meta name=\"twitter:data1\" content=\"6 minutos\" \/>\n<script type=\"application\/ld+json\" class=\"yoast-schema-graph\">{\"@context\":\"https:\\\/\\\/schema.org\",\"@graph\":[{\"@type\":\"WebPage\",\"@id\":\"https:\\\/\\\/kingdapump.com\\\/privacy-policy\\\/\",\"url\":\"https:\\\/\\\/kingdapump.com\\\/privacy-policy\\\/\",\"name\":\"Privacy-Policy - Kingda Pump\",\"isPartOf\":{\"@id\":\"https:\\\/\\\/kingdapump.com\\\/#website\"},\"datePublished\":\"2022-01-24T02:39:27+00:00\",\"dateModified\":\"2022-01-25T01:48:20+00:00\",\"breadcrumb\":{\"@id\":\"https:\\\/\\\/kingdapump.com\\\/privacy-policy\\\/#breadcrumb\"},\"inLanguage\":\"es\",\"potentialAction\":[{\"@type\":\"ReadAction\",\"target\":[\"https:\\\/\\\/kingdapump.com\\\/privacy-policy\\\/\"]}]},{\"@type\":\"BreadcrumbList\",\"@id\":\"https:\\\/\\\/kingdapump.com\\\/privacy-policy\\\/#breadcrumb\",\"itemListElement\":[{\"@type\":\"ListItem\",\"position\":1,\"name\":\"\u9996\u9875\",\"item\":\"https:\\\/\\\/kingdapump.com\\\/\"},{\"@type\":\"ListItem\",\"position\":2,\"name\":\"Privacy-Policy\"}]},{\"@type\":\"WebSite\",\"@id\":\"https:\\\/\\\/kingdapump.com\\\/#website\",\"url\":\"https:\\\/\\\/kingdapump.com\\\/\",\"name\":\"kingdapump.com\",\"description\":\"Since 1948 \u2014 Slurry Pump Experts\",\"publisher\":{\"@id\":\"https:\\\/\\\/kingdapump.com\\\/#organization\"},\"potentialAction\":[{\"@type\":\"SearchAction\",\"target\":{\"@type\":\"EntryPoint\",\"urlTemplate\":\"https:\\\/\\\/kingdapump.com\\\/?s={search_term_string}\"},\"query-input\":{\"@type\":\"PropertyValueSpecification\",\"valueRequired\":true,\"valueName\":\"search_term_string\"}}],\"inLanguage\":\"es\"},{\"@type\":\"Organization\",\"@id\":\"https:\\\/\\\/kingdapump.com\\\/#organization\",\"name\":\"kingdapump.com\",\"url\":\"https:\\\/\\\/kingdapump.com\\\/\",\"logo\":{\"@type\":\"ImageObject\",\"inLanguage\":\"es\",\"@id\":\"https:\\\/\\\/kingdapump.com\\\/#\\\/schema\\\/logo\\\/image\\\/\",\"url\":\"https:\\\/\\\/kingdapump.com\\\/wp-content\\\/uploads\\\/2022\\\/01\\\/cropped-Slurry-pump_water-pump-manufacturer-1.png\",\"contentUrl\":\"https:\\\/\\\/kingdapump.com\\\/wp-content\\\/uploads\\\/2022\\\/01\\\/cropped-Slurry-pump_water-pump-manufacturer-1.png\",\"width\":220,\"height\":86,\"caption\":\"kingdapump.com\"},\"image\":{\"@id\":\"https:\\\/\\\/kingdapump.com\\\/#\\\/schema\\\/logo\\\/image\\\/\"}}]}<\/script>\n<!-- \/ Yoast SEO Premium plugin. -->","yoast_head_json":{"title":"Pol\u00edtica de privacidad - Kingda Pump","robots":{"index":"index","follow":"follow","max-snippet":"max-snippet:-1","max-image-preview":"max-image-preview:large","max-video-preview":"max-video-preview:-1"},"canonical":"https:\/\/kingdapump.com\/es\/politica-de-privacidad\/","og_locale":"es_ES","og_type":"article","og_title":"Privacy-Policy","og_description":"Privacy Policy Your privacy is important to us. It is Kingdapump\u2019s policy to respect your privacy and comply with any applicable law and regulation regarding any personal information we may collect about you, including across our website, https:\/\/kingdapump.com\/, and other sites we own and operate. This policy is effective as of 8 August 2021 and [&hellip;]","og_url":"https:\/\/kingdapump.com\/es\/politica-de-privacidad\/","og_site_name":"Kingda Pump","article_modified_time":"2022-01-25T01:48:20+00:00","twitter_card":"summary_large_image","twitter_misc":{"Tiempo de lectura":"6 minutos"},"schema":{"@context":"https:\/\/schema.org","@graph":[{"@type":"WebPage","@id":"https:\/\/kingdapump.com\/privacy-policy\/","url":"https:\/\/kingdapump.com\/privacy-policy\/","name":"Pol\u00edtica de privacidad - Kingda Pump","isPartOf":{"@id":"https:\/\/kingdapump.com\/#website"},"datePublished":"2022-01-24T02:39:27+00:00","dateModified":"2022-01-25T01:48:20+00:00","breadcrumb":{"@id":"https:\/\/kingdapump.com\/privacy-policy\/#breadcrumb"},"inLanguage":"es","potentialAction":[{"@type":"ReadAction","target":["https:\/\/kingdapump.com\/privacy-policy\/"]}]},{"@type":"BreadcrumbList","@id":"https:\/\/kingdapump.com\/privacy-policy\/#breadcrumb","itemListElement":[{"@type":"ListItem","position":1,"name":"\u9996\u9875","item":"https:\/\/kingdapump.com\/"},{"@type":"ListItem","position":2,"name":"Privacy-Policy"}]},{"@type":"WebSite","@id":"https:\/\/kingdapump.com\/#website","url":"https:\/\/kingdapump.com\/","name":"kingdapump.com","description":"Desde 1948 \u2014 Expertos en bombas de lodos","publisher":{"@id":"https:\/\/kingdapump.com\/#organization"},"potentialAction":[{"@type":"SearchAction","target":{"@type":"EntryPoint","urlTemplate":"https:\/\/kingdapump.com\/?s={search_term_string}"},"query-input":{"@type":"PropertyValueSpecification","valueRequired":true,"valueName":"search_term_string"}}],"inLanguage":"es"},{"@type":"Organization","@id":"https:\/\/kingdapump.com\/#organization","name":"kingdapump.com","url":"https:\/\/kingdapump.com\/","logo":{"@type":"ImageObject","inLanguage":"es","@id":"https:\/\/kingdapump.com\/#\/schema\/logo\/image\/","url":"https:\/\/kingdapump.com\/wp-content\/uploads\/2022\/01\/cropped-Slurry-pump_water-pump-manufacturer-1.png","contentUrl":"https:\/\/kingdapump.com\/wp-content\/uploads\/2022\/01\/cropped-Slurry-pump_water-pump-manufacturer-1.png","width":220,"height":86,"caption":"kingdapump.com"},"image":{"@id":"https:\/\/kingdapump.com\/#\/schema\/logo\/image\/"}}]}},"_links":{"self":[{"href":"https:\/\/kingdapump.com\/es\/wp-json\/wp\/v2\/pages\/1106","targetHints":{"allow":["GET"]}}],"collection":[{"href":"https:\/\/kingdapump.com\/es\/wp-json\/wp\/v2\/pages"}],"about":[{"href":"https:\/\/kingdapump.com\/es\/wp-json\/wp\/v2\/types\/page"}],"author":[{"embeddable":true,"href":"https:\/\/kingdapump.com\/es\/wp-json\/wp\/v2\/users\/1"}],"replies":[{"embeddable":true,"href":"https:\/\/kingdapump.com\/es\/wp-json\/wp\/v2\/comments?post=1106"}],"version-history":[{"count":14,"href":"https:\/\/kingdapump.com\/es\/wp-json\/wp\/v2\/pages\/1106\/revisions"}],"predecessor-version":[{"id":1171,"href":"https:\/\/kingdapump.com\/es\/wp-json\/wp\/v2\/pages\/1106\/revisions\/1171"}],"wp:attachment":[{"href":"https:\/\/kingdapump.com\/es\/wp-json\/wp\/v2\/media?parent=1106"}],"curies":[{"name":"wp","href":"https:\/\/api.w.org\/{rel}","templated":true}]}}