{"id":1108,"date":"2022-01-24T10:39:42","date_gmt":"2022-01-24T02:39:42","guid":{"rendered":"https:\/\/kingdapump.com\/?page_id=1108"},"modified":"2022-01-25T09:46:47","modified_gmt":"2022-01-25T01:46:47","slug":"terminos-y-condiciones","status":"publish","type":"page","link":"https:\/\/kingdapump.com\/es\/terms-conditions\/","title":{"rendered":"T\u00e9rminos y condiciones"},"content":{"rendered":"<div data-elementor-type=\"wp-page\" data-elementor-id=\"1108\" class=\"elementor elementor-1108\" data-elementor-post-type=\"page\">\n\t\t\t\t\t\t<section class=\"elementor-section elementor-top-section elementor-element elementor-element-4054369 elementor-section-boxed elementor-section-height-default elementor-section-height-default\" data-id=\"4054369\" data-element_type=\"section\">\n\t\t\t\t\t\t<div class=\"elementor-container elementor-column-gap-default\">\n\t\t\t\t\t<div class=\"elementor-column elementor-col-100 elementor-top-column elementor-element elementor-element-331efdc\" data-id=\"331efdc\" data-element_type=\"column\">\n\t\t\t<div class=\"elementor-widget-wrap elementor-element-populated\">\n\t\t\t\t\t\t<div class=\"elementor-element elementor-element-70e1d1f elementor-widget elementor-widget-text-editor\" data-id=\"70e1d1f\" data-element_type=\"widget\" data-widget_type=\"text-editor.default\">\n\t\t\t\t<div class=\"elementor-widget-container\">\n\t\t\t\t\t\t\t\t\t<h1 id=\"headline-3-12\" class=\"ct-headline mb-16\"><span id=\"span-4-12\" class=\"ct-span\">T\u00e9rminos y condiciones<\/span><\/h1><div id=\"_rich_text-6-12\" class=\"oxy-rich-text\"><p>\u00a1Bienvenido a Kingdapump!<\/p><p>Estos t\u00e9rminos y condiciones describen las reglas y regulaciones para el uso del sitio web de Kingdapump LLC, ubicado en <a href=\"https:\/\/kingdapump.com\/es\/\">https:\/\/kingdapump.com\/<\/a>.<\/p><p>Al acceder a este sitio web, asumimos que acepta estos t\u00e9rminos y condiciones. No contin\u00fae utilizando Kingdapump si no acepta todos los t\u00e9rminos y condiciones establecidos en esta p\u00e1gina.<\/p><h4>Galletas:<\/h4><p>El sitio web utiliza cookies para personalizar su experiencia en l\u00ednea. Al acceder a Kingdapump, acepta el uso de las cookies necesarias.<\/p><p>Una cookie es un archivo de texto que un servidor web coloca en su disco duro. No se pueden utilizar para ejecutar programas ni para infectar su ordenador con virus. Se le asignan de forma \u00fanica y solo pueden ser le\u00eddas por un servidor web del dominio que las emiti\u00f3.<\/p><p>Podemos utilizar cookies para recopilar, almacenar y rastrear informaci\u00f3n con fines estad\u00edsticos o de marketing para el funcionamiento de nuestro sitio web. Puede aceptar o rechazar las cookies opcionales. Algunas cookies son obligatorias para el funcionamiento de nuestro sitio web. Estas cookies no requieren su consentimiento, ya que siempre funcionan. Tenga en cuenta que, al aceptar las cookies obligatorias, tambi\u00e9n acepta las cookies de terceros, que podr\u00edan utilizarse a trav\u00e9s de servicios de terceros si utiliza dichos servicios en nuestro sitio web, por ejemplo, una ventana de visualizaci\u00f3n de v\u00eddeo proporcionada por terceros e integrada en nuestro sitio web.<\/p><h4>Licencia:<\/h4><p>Salvo que se indique lo contrario, Kingdapump LLC y\/o sus licenciantes poseen los derechos de propiedad intelectual de todo el material de Kingdapump. Todos los derechos de propiedad intelectual est\u00e1n reservados. Puede acceder a este material desde Kingdapump para su uso personal, sujeto a las restricciones establecidas en estos t\u00e9rminos y condiciones.<\/p><p>No debes:<\/p><ul><li>Copiar o republicar material de Kingdapump<\/li><li>Vender, alquilar o sublicenciar material de Kingdapump<\/li><li>Reproducir, duplicar o copiar material de Kingdapump<\/li><li>Redistribuir contenido de Kingdapump<\/li><\/ul><p>El presente Acuerdo comenzar\u00e1 a regir a partir de la fecha del presente.<\/p><p>Algunas secciones de este sitio web ofrecen a los usuarios la oportunidad de publicar e intercambiar opiniones e informaci\u00f3n. Kingdapump LLC no filtra, edita, publica ni revisa los comentarios antes de su publicaci\u00f3n en el sitio web. Los comentarios no reflejan la opini\u00f3n de Kingdapump LLC, sus agentes o afiliados. Reflejan la opini\u00f3n de quien los publica. En la medida en que lo permita la legislaci\u00f3n aplicable, Kingdapump LLC no se responsabiliza de los comentarios ni de ninguna responsabilidad, da\u00f1o o gasto causado o sufrido como resultado del uso, la publicaci\u00f3n o la aparici\u00f3n de los comentarios en este sitio web.<\/p><p>Kingdapump LLC se reserva el derecho de monitorear todos los comentarios y eliminar cualquier comentario que pueda considerarse inapropiado, ofensivo o que provoque una violaci\u00f3n de estos T\u00e9rminos y Condiciones.<\/p><p>Usted garantiza y declara que:<\/p><ul><li>Usted tiene derecho a publicar los comentarios en nuestro sitio web y tiene todas las licencias y consentimientos necesarios para hacerlo;<\/li><li>Los comentarios no invaden ning\u00fan derecho de propiedad intelectual, incluidos, entre otros, los derechos de autor, patentes o marcas comerciales de terceros;<\/li><li>Los comentarios no contienen ning\u00fan material difamatorio, calumnioso, ofensivo, indecente o de otro modo ilegal, que constituya una invasi\u00f3n de la privacidad.<\/li><li>Los comentarios no se utilizar\u00e1n para solicitar o promover negocios o costumbres ni presentar actividades comerciales o actividades ilegales.<\/li><\/ul><p>Por la presente, otorga a Kingdapump LLC una licencia no exclusiva para usar, reproducir, editar y autorizar a otros a usar, reproducir y editar cualquiera de sus comentarios en todas y cada una de las formas, formatos o medios.<\/p><h4>Hiperv\u00ednculos a nuestro contenido:<\/h4><p>Las siguientes organizaciones pueden vincularse a nuestro sitio web sin aprobaci\u00f3n previa por escrito:<\/p><ul><li>Agencias gubernamentales;<\/li><li>Motores de b\u00fasqueda;<\/li><li>Organizaciones de noticias;<\/li><li>Los distribuidores de directorios en l\u00ednea pueden vincularse a nuestro sitio web de la misma manera que hacen hiperv\u00ednculos a los sitios web de otras empresas listadas; y<\/li><li>Empresas acreditadas en todo el sistema, excepto organizaciones sin fines de lucro, centros comerciales de beneficencia y grupos de recaudaci\u00f3n de fondos de beneficencia, que no pueden realizar hiperv\u00ednculos a nuestro sitio web.<\/li><\/ul><p>Estas organizaciones pueden vincularse a nuestra p\u00e1gina de inicio, a publicaciones o a otra informaci\u00f3n del sitio web siempre que el enlace: (a) no sea enga\u00f1oso de ninguna manera; (b) no implique falsamente patrocinio, respaldo o aprobaci\u00f3n de la parte vinculante y sus productos y\/o servicios; y (c) se ajuste al contexto del sitio de la parte vinculante.<\/p><p>Podemos considerar y aprobar otras solicitudes de enlaces de los siguientes tipos de organizaciones:<\/p><ul><li>fuentes de informaci\u00f3n de consumidores y\/o empresas com\u00fanmente conocidas;<\/li><li>sitios comunitarios dot.com;<\/li><li>asociaciones u otros grupos que representan organizaciones ben\u00e9ficas;<\/li><li>distribuidores de directorios en l\u00ednea;<\/li><li>portales de internet;<\/li><li>firmas de contabilidad, derecho y consultor\u00eda; y<\/li><li>instituciones educativas y asociaciones comerciales.<\/li><\/ul><p>Aprobaremos las solicitudes de enlace de estas organizaciones si decidimos que: (a) el enlace no nos har\u00eda ver desfavorablemente a nosotros mismos o a nuestras empresas acreditadas; (b) la organizaci\u00f3n no tiene ning\u00fan registro negativo con nosotros; (c) el beneficio para nosotros de la visibilidad del hiperv\u00ednculo compensa la ausencia de Kingdapump LLC; y (d) el enlace est\u00e1 en el contexto de informaci\u00f3n general de recursos.<\/p><p>Estas organizaciones pueden vincularse a nuestra p\u00e1gina de inicio siempre que el enlace: (a) no sea enga\u00f1oso de ninguna manera; (b) no implique falsamente patrocinio, respaldo o aprobaci\u00f3n de la parte vinculante y sus productos o servicios; y (c) se ajuste al contexto del sitio de la parte vinculante.<\/p><p>Si usted pertenece a alguna de las organizaciones mencionadas en el p\u00e1rrafo 2 anterior y est\u00e1 interesado en enlazar a nuestro sitio web, debe informarnos enviando un correo electr\u00f3nico a Kingdapump LLC. Incluya su nombre, el nombre de su organizaci\u00f3n, su informaci\u00f3n de contacto, as\u00ed como la URL de su sitio, una lista de las URL desde las que desea enlazar a nuestro sitio web y una lista de las URL de nuestro sitio a las que desea enlazar. Esperaremos de 2 a 3 semanas para recibir una respuesta.<\/p><p>Las organizaciones aprobadas pueden realizar hiperv\u00ednculos a nuestro sitio web de la siguiente manera:<\/p><ul><li>Mediante el uso de nuestro nombre corporativo; o<\/li><li>Mediante el uso del localizador uniforme de recursos al que se hace referencia; o<\/li><li>Utilizar cualquier otra descripci\u00f3n de nuestro sitio web vinculado que tenga sentido dentro del contexto y formato del contenido del sitio de la parte vinculante.<\/li><\/ul><p>No se permitir\u00e1 el uso del logotipo ni de ning\u00fan otro material gr\u00e1fico de Kingdapump LLC para establecer v\u00ednculos sin un acuerdo de licencia de marca registrada.<\/p><h4>Responsabilidad del contenido:<\/h4><p>No nos responsabilizamos del contenido que aparezca en su sitio web. Usted se compromete a protegernos y defendernos ante cualquier reclamaci\u00f3n que se presente en su sitio web. No debe aparecer en ning\u00fan sitio web ning\u00fan enlace que pueda interpretarse como difamatorio, obsceno o delictivo, o que infrinja, viole o promueva la infracci\u00f3n o violaci\u00f3n de derechos de terceros.<\/p><h4>Reserva de derechos:<\/h4><p>Nos reservamos el derecho de solicitarle que elimine todos los enlaces a nuestro sitio web, o cualquier enlace en particular. Usted acepta eliminar inmediatamente todos los enlaces a nuestro sitio web si as\u00ed lo solicita. Tambi\u00e9n nos reservamos el derecho de modificar estos t\u00e9rminos y condiciones y su pol\u00edtica de enlaces en cualquier momento. Al enlazar continuamente a nuestro sitio web, usted acepta estar sujeto a estos t\u00e9rminos y condiciones de enlace y cumplirlos.<\/p><h4>Eliminaci\u00f3n de enlaces de nuestro sitio web:<\/h4><p>Si encuentra alg\u00fan enlace en nuestro sitio web que sea ofensivo por cualquier motivo, puede contactarnos e informarnos en cualquier momento. Consideraremos las solicitudes para eliminar enlaces, pero no estamos obligados a hacerlo ni a responderle directamente.<\/p><p>No garantizamos la exactitud de la informaci\u00f3n de este sitio web. No garantizamos su integridad ni exactitud, ni nos comprometemos a garantizar su disponibilidad ni a mantener su contenido actualizado.<\/p><h4>Descargo de responsabilidad:<\/h4><p>En la medida m\u00e1xima permitida por la legislaci\u00f3n aplicable, excluimos todas las declaraciones, garant\u00edas y condiciones relacionadas con nuestro sitio web y su uso. Nada de lo dispuesto en este descargo de responsabilidad:<\/p><ul><li>limitar o excluir nuestra o su responsabilidad por muerte o lesiones personales;<\/li><li>limitar o excluir nuestra o su responsabilidad por fraude o tergiversaci\u00f3n fraudulenta;<\/li><li>limitar cualquiera de nuestras responsabilidades o las suyas de cualquier manera que no est\u00e9 permitida por la ley aplicable; o<\/li><li>excluir cualquiera de nuestras responsabilidades o las suyas que no puedan excluirse seg\u00fan la legislaci\u00f3n aplicable.<\/li><\/ul><p>Las limitaciones y prohibiciones de responsabilidad establecidas en esta Secci\u00f3n y en otras partes de esta exenci\u00f3n de responsabilidad: (a) est\u00e1n sujetas al p\u00e1rrafo anterior; y (b) rigen todas las responsabilidades que surjan de la exenci\u00f3n de responsabilidad, incluidas las responsabilidades que surjan por contrato, por agravio y por incumplimiento de un deber legal.<\/p><p>Siempre que el sitio web y la informaci\u00f3n y los servicios en el sitio web se proporcionen de forma gratuita, no seremos responsables de ninguna p\u00e9rdida o da\u00f1o de ning\u00fan tipo.<\/p><\/div>\t\t\t\t\t\t\t\t<\/div>\n\t\t\t\t<\/div>\n\t\t\t\t\t<\/div>\n\t\t<\/div>\n\t\t\t\t\t<\/div>\n\t\t<\/section>\n\t\t\t\t<\/div>","protected":false},"excerpt":{"rendered":"<p>Terms &amp; Conditions Welcome to Kingdapump! These terms and conditions outline the rules and regulations for the use of Kingdapump LLC&#8217;s Website, located at https:\/\/kingdapump.com\/. By accessing this website, we assume you accept these terms and conditions. Do not continue to use Kingdapump if you do not agree to take all of the terms and [&hellip;]<\/p>\n","protected":false},"author":1,"featured_media":0,"parent":0,"menu_order":0,"comment_status":"closed","ping_status":"closed","template":"","meta":{"footnotes":""},"class_list":["post-1108","page","type-page","status-publish","hentry"],"yoast_head":"<!-- This site is optimized with the Yoast SEO Premium plugin v25.8 (Yoast SEO v27.3) - https:\/\/yoast.com\/product\/yoast-seo-premium-wordpress\/ -->\n<title>Terms &amp; Conditions - Kingda Pump<\/title>\n<meta name=\"robots\" content=\"index, follow, max-snippet:-1, max-image-preview:large, max-video-preview:-1\" \/>\n<link rel=\"canonical\" href=\"https:\/\/kingdapump.com\/es\/terminos-y-condiciones\/\" \/>\n<meta property=\"og:locale\" content=\"es_ES\" \/>\n<meta property=\"og:type\" content=\"article\" \/>\n<meta property=\"og:title\" content=\"Terms &amp; Conditions\" \/>\n<meta property=\"og:description\" content=\"Terms &amp; Conditions Welcome to Kingdapump! These terms and conditions outline the rules and regulations for the use of Kingdapump LLC&#8217;s Website, located at https:\/\/kingdapump.com\/. By accessing this website, we assume you accept these terms and conditions. Do not continue to use Kingdapump if you do not agree to take all of the terms and [&hellip;]\" \/>\n<meta property=\"og:url\" content=\"https:\/\/kingdapump.com\/es\/terminos-y-condiciones\/\" \/>\n<meta property=\"og:site_name\" content=\"Kingda Pump\" \/>\n<meta property=\"article:modified_time\" content=\"2022-01-25T01:46:47+00:00\" \/>\n<meta name=\"twitter:card\" content=\"summary_large_image\" \/>\n<meta name=\"twitter:label1\" content=\"Tiempo de lectura\" \/>\n\t<meta name=\"twitter:data1\" content=\"7 minutos\" \/>\n<script type=\"application\/ld+json\" class=\"yoast-schema-graph\">{\"@context\":\"https:\\\/\\\/schema.org\",\"@graph\":[{\"@type\":\"WebPage\",\"@id\":\"https:\\\/\\\/kingdapump.com\\\/terms-conditions\\\/\",\"url\":\"https:\\\/\\\/kingdapump.com\\\/terms-conditions\\\/\",\"name\":\"Terms & Conditions - Kingda Pump\",\"isPartOf\":{\"@id\":\"https:\\\/\\\/kingdapump.com\\\/#website\"},\"datePublished\":\"2022-01-24T02:39:42+00:00\",\"dateModified\":\"2022-01-25T01:46:47+00:00\",\"breadcrumb\":{\"@id\":\"https:\\\/\\\/kingdapump.com\\\/terms-conditions\\\/#breadcrumb\"},\"inLanguage\":\"es\",\"potentialAction\":[{\"@type\":\"ReadAction\",\"target\":[\"https:\\\/\\\/kingdapump.com\\\/terms-conditions\\\/\"]}]},{\"@type\":\"BreadcrumbList\",\"@id\":\"https:\\\/\\\/kingdapump.com\\\/terms-conditions\\\/#breadcrumb\",\"itemListElement\":[{\"@type\":\"ListItem\",\"position\":1,\"name\":\"\u9996\u9875\",\"item\":\"https:\\\/\\\/kingdapump.com\\\/\"},{\"@type\":\"ListItem\",\"position\":2,\"name\":\"Terms &#038; Conditions\"}]},{\"@type\":\"WebSite\",\"@id\":\"https:\\\/\\\/kingdapump.com\\\/#website\",\"url\":\"https:\\\/\\\/kingdapump.com\\\/\",\"name\":\"kingdapump.com\",\"description\":\"Since 1948 \u2014 Slurry Pump Experts\",\"publisher\":{\"@id\":\"https:\\\/\\\/kingdapump.com\\\/#organization\"},\"potentialAction\":[{\"@type\":\"SearchAction\",\"target\":{\"@type\":\"EntryPoint\",\"urlTemplate\":\"https:\\\/\\\/kingdapump.com\\\/?s={search_term_string}\"},\"query-input\":{\"@type\":\"PropertyValueSpecification\",\"valueRequired\":true,\"valueName\":\"search_term_string\"}}],\"inLanguage\":\"es\"},{\"@type\":\"Organization\",\"@id\":\"https:\\\/\\\/kingdapump.com\\\/#organization\",\"name\":\"kingdapump.com\",\"url\":\"https:\\\/\\\/kingdapump.com\\\/\",\"logo\":{\"@type\":\"ImageObject\",\"inLanguage\":\"es\",\"@id\":\"https:\\\/\\\/kingdapump.com\\\/#\\\/schema\\\/logo\\\/image\\\/\",\"url\":\"https:\\\/\\\/kingdapump.com\\\/wp-content\\\/uploads\\\/2022\\\/01\\\/cropped-Slurry-pump_water-pump-manufacturer-1.png\",\"contentUrl\":\"https:\\\/\\\/kingdapump.com\\\/wp-content\\\/uploads\\\/2022\\\/01\\\/cropped-Slurry-pump_water-pump-manufacturer-1.png\",\"width\":220,\"height\":86,\"caption\":\"kingdapump.com\"},\"image\":{\"@id\":\"https:\\\/\\\/kingdapump.com\\\/#\\\/schema\\\/logo\\\/image\\\/\"}}]}<\/script>\n<!-- \/ Yoast SEO Premium plugin. -->","yoast_head_json":{"title":"T\u00e9rminos y condiciones - Kingda Pump","robots":{"index":"index","follow":"follow","max-snippet":"max-snippet:-1","max-image-preview":"max-image-preview:large","max-video-preview":"max-video-preview:-1"},"canonical":"https:\/\/kingdapump.com\/es\/terminos-y-condiciones\/","og_locale":"es_ES","og_type":"article","og_title":"Terms & Conditions","og_description":"Terms &amp; Conditions Welcome to Kingdapump! These terms and conditions outline the rules and regulations for the use of Kingdapump LLC&#8217;s Website, located at https:\/\/kingdapump.com\/. By accessing this website, we assume you accept these terms and conditions. Do not continue to use Kingdapump if you do not agree to take all of the terms and [&hellip;]","og_url":"https:\/\/kingdapump.com\/es\/terminos-y-condiciones\/","og_site_name":"Kingda Pump","article_modified_time":"2022-01-25T01:46:47+00:00","twitter_card":"summary_large_image","twitter_misc":{"Tiempo de lectura":"7 minutos"},"schema":{"@context":"https:\/\/schema.org","@graph":[{"@type":"WebPage","@id":"https:\/\/kingdapump.com\/terms-conditions\/","url":"https:\/\/kingdapump.com\/terms-conditions\/","name":"T\u00e9rminos y condiciones - Kingda Pump","isPartOf":{"@id":"https:\/\/kingdapump.com\/#website"},"datePublished":"2022-01-24T02:39:42+00:00","dateModified":"2022-01-25T01:46:47+00:00","breadcrumb":{"@id":"https:\/\/kingdapump.com\/terms-conditions\/#breadcrumb"},"inLanguage":"es","potentialAction":[{"@type":"ReadAction","target":["https:\/\/kingdapump.com\/terms-conditions\/"]}]},{"@type":"BreadcrumbList","@id":"https:\/\/kingdapump.com\/terms-conditions\/#breadcrumb","itemListElement":[{"@type":"ListItem","position":1,"name":"\u9996\u9875","item":"https:\/\/kingdapump.com\/"},{"@type":"ListItem","position":2,"name":"Terms &#038; Conditions"}]},{"@type":"WebSite","@id":"https:\/\/kingdapump.com\/#website","url":"https:\/\/kingdapump.com\/","name":"kingdapump.com","description":"Desde 1948 \u2014 Expertos en bombas de lodos","publisher":{"@id":"https:\/\/kingdapump.com\/#organization"},"potentialAction":[{"@type":"SearchAction","target":{"@type":"EntryPoint","urlTemplate":"https:\/\/kingdapump.com\/?s={search_term_string}"},"query-input":{"@type":"PropertyValueSpecification","valueRequired":true,"valueName":"search_term_string"}}],"inLanguage":"es"},{"@type":"Organization","@id":"https:\/\/kingdapump.com\/#organization","name":"kingdapump.com","url":"https:\/\/kingdapump.com\/","logo":{"@type":"ImageObject","inLanguage":"es","@id":"https:\/\/kingdapump.com\/#\/schema\/logo\/image\/","url":"https:\/\/kingdapump.com\/wp-content\/uploads\/2022\/01\/cropped-Slurry-pump_water-pump-manufacturer-1.png","contentUrl":"https:\/\/kingdapump.com\/wp-content\/uploads\/2022\/01\/cropped-Slurry-pump_water-pump-manufacturer-1.png","width":220,"height":86,"caption":"kingdapump.com"},"image":{"@id":"https:\/\/kingdapump.com\/#\/schema\/logo\/image\/"}}]}},"_links":{"self":[{"href":"https:\/\/kingdapump.com\/es\/wp-json\/wp\/v2\/pages\/1108","targetHints":{"allow":["GET"]}}],"collection":[{"href":"https:\/\/kingdapump.com\/es\/wp-json\/wp\/v2\/pages"}],"about":[{"href":"https:\/\/kingdapump.com\/es\/wp-json\/wp\/v2\/types\/page"}],"author":[{"embeddable":true,"href":"https:\/\/kingdapump.com\/es\/wp-json\/wp\/v2\/users\/1"}],"replies":[{"embeddable":true,"href":"https:\/\/kingdapump.com\/es\/wp-json\/wp\/v2\/comments?post=1108"}],"version-history":[{"count":10,"href":"https:\/\/kingdapump.com\/es\/wp-json\/wp\/v2\/pages\/1108\/revisions"}],"predecessor-version":[{"id":1165,"href":"https:\/\/kingdapump.com\/es\/wp-json\/wp\/v2\/pages\/1108\/revisions\/1165"}],"wp:attachment":[{"href":"https:\/\/kingdapump.com\/es\/wp-json\/wp\/v2\/media?parent=1108"}],"curies":[{"name":"wp","href":"https:\/\/api.w.org\/{rel}","templated":true}]}}