{"id":27945,"date":"2025-12-08T10:14:40","date_gmt":"2025-12-08T02:14:40","guid":{"rendered":"https:\/\/kingdapump.com\/?page_id=27945"},"modified":"2025-12-08T11:02:00","modified_gmt":"2025-12-08T03:02:00","slug":"infografia-sobre-tipos-de-impulsores","status":"publish","type":"page","link":"https:\/\/kingdapump.com\/es\/infographic\/types-of-impeller-infographic\/","title":{"rendered":"Infograf\u00eda sobre los tipos de impulsores"},"content":{"rendered":"<div data-elementor-type=\"wp-page\" data-elementor-id=\"27945\" class=\"elementor elementor-27945\" data-elementor-post-type=\"page\">\n\t\t\t\t\t\t<section class=\"elementor-section elementor-top-section elementor-element elementor-element-4344350b elementor-section-boxed elementor-section-height-default elementor-section-height-default\" data-id=\"4344350b\" data-element_type=\"section\" data-settings=\"{&quot;background_background&quot;:&quot;classic&quot;}\">\n\t\t\t\t\t\t<div class=\"elementor-container elementor-column-gap-default\">\n\t\t\t\t\t<div class=\"elementor-column elementor-col-100 elementor-top-column elementor-element elementor-element-70b3a4a9\" data-id=\"70b3a4a9\" data-element_type=\"column\">\n\t\t\t<div class=\"elementor-widget-wrap elementor-element-populated\">\n\t\t\t\t\t\t<div class=\"elementor-element elementor-element-6c4b980f elementor-widget elementor-widget-spacer\" data-id=\"6c4b980f\" data-element_type=\"widget\" data-widget_type=\"spacer.default\">\n\t\t\t\t<div class=\"elementor-widget-container\">\n\t\t\t\t\t\t\t<div class=\"elementor-spacer\">\n\t\t\t<div class=\"elementor-spacer-inner\"><\/div>\n\t\t<\/div>\n\t\t\t\t\t\t<\/div>\n\t\t\t\t<\/div>\n\t\t\t\t<section class=\"elementor-section elementor-inner-section elementor-element elementor-element-7a02ed2 elementor-section-boxed elementor-section-height-default elementor-section-height-default\" data-id=\"7a02ed2\" data-element_type=\"section\">\n\t\t\t\t\t\t<div class=\"elementor-container elementor-column-gap-default\">\n\t\t\t\t\t<div class=\"elementor-column elementor-col-100 elementor-inner-column elementor-element elementor-element-630ea58b\" data-id=\"630ea58b\" data-element_type=\"column\">\n\t\t\t<div class=\"elementor-widget-wrap elementor-element-populated\">\n\t\t\t\t\t\t<div class=\"elementor-element elementor-element-415cf8a3 elementor-widget elementor-widget-heading\" data-id=\"415cf8a3\" data-element_type=\"widget\" data-widget_type=\"heading.default\">\n\t\t\t\t<div class=\"elementor-widget-container\">\n\t\t\t\t\t<h1 class=\"elementor-heading-title elementor-size-default\">Infograf\u00eda sobre los tipos de impulsores<\/h1>\t\t\t\t<\/div>\n\t\t\t\t<\/div>\n\t\t\t\t<div class=\"elementor-element elementor-element-504d514b elementor-widget elementor-widget-text-editor\" data-id=\"504d514b\" data-element_type=\"widget\" data-widget_type=\"text-editor.default\">\n\t\t\t\t<div class=\"elementor-widget-container\">\n\t\t\t\t\t\t\t\t\t<p data-start=\"393\" data-end=\"589\">Esta infograf\u00eda presenta los principales tipos de impulsores junto con sus principios de funcionamiento y aplicaciones t\u00edpicas.<br data-start=\"504\" data-end=\"507\" \/>Es gratuito para integrar, descargar y reutilizar para documentaci\u00f3n t\u00e9cnica y capacitaci\u00f3n.<\/p><p data-start=\"591\" data-end=\"652\"><strong data-start=\"591\" data-end=\"610\">Art\u00edculo fuente:<\/strong> Todos los tipos de impulsores de bombas \u2192 <span style=\"text-decoration: underline;\"><span style=\"color: #000000;\"><a style=\"color: #000000; text-decoration: underline;\" href=\"https:\/\/kingdapump.com\/es\/tipos-de-impulsor\/\">https:\/\/kingdapump.com\/types-of-impeller\/<\/a><\/span><\/span><\/p>\t\t\t\t\t\t\t\t<\/div>\n\t\t\t\t<\/div>\n\t\t\t\t\t<\/div>\n\t\t<\/div>\n\t\t\t\t\t<\/div>\n\t\t<\/section>\n\t\t\t\t\t<\/div>\n\t\t<\/div>\n\t\t\t\t\t<\/div>\n\t\t<\/section>\n\t\t\t\t<section class=\"elementor-section elementor-top-section elementor-element elementor-element-773749eb elementor-section-boxed elementor-section-height-default elementor-section-height-default\" data-id=\"773749eb\" data-element_type=\"section\">\n\t\t\t\t\t\t<div class=\"elementor-container elementor-column-gap-default\">\n\t\t\t\t\t<div class=\"elementor-column elementor-col-100 elementor-top-column elementor-element elementor-element-b6255e4\" data-id=\"b6255e4\" data-element_type=\"column\">\n\t\t\t<div class=\"elementor-widget-wrap elementor-element-populated\">\n\t\t\t\t\t\t<div class=\"elementor-element elementor-element-3a88d869 elementor-widget elementor-widget-spacer\" data-id=\"3a88d869\" data-element_type=\"widget\" data-widget_type=\"spacer.default\">\n\t\t\t\t<div class=\"elementor-widget-container\">\n\t\t\t\t\t\t\t<div class=\"elementor-spacer\">\n\t\t\t<div class=\"elementor-spacer-inner\"><\/div>\n\t\t<\/div>\n\t\t\t\t\t\t<\/div>\n\t\t\t\t<\/div>\n\t\t\t\t\t<\/div>\n\t\t<\/div>\n\t\t\t\t\t<\/div>\n\t\t<\/section>\n\t\t\t\t<section class=\"elementor-section elementor-top-section elementor-element elementor-element-5984d0e5 elementor-section-boxed elementor-section-height-default elementor-section-height-default\" data-id=\"5984d0e5\" data-element_type=\"section\">\n\t\t\t\t\t\t<div class=\"elementor-container elementor-column-gap-default\">\n\t\t\t\t\t<div class=\"elementor-column elementor-col-100 elementor-top-column elementor-element elementor-element-17f8b578\" data-id=\"17f8b578\" data-element_type=\"column\">\n\t\t\t<div class=\"elementor-widget-wrap elementor-element-populated\">\n\t\t\t\t\t\t<div class=\"elementor-element elementor-element-af01c2a elementor-widget elementor-widget-image\" data-id=\"af01c2a\" data-element_type=\"widget\" data-widget_type=\"image.default\">\n\t\t\t\t<div class=\"elementor-widget-container\">\n\t\t\t\t\t\t\t\t\t\t\t\t\t\t\t<img fetchpriority=\"high\" decoding=\"async\" width=\"1200\" height=\"5005\" src=\"https:\/\/kingdapump.com\/wp-content\/uploads\/2025\/12\/Types-of-Impeller-Infographic.jpg\" class=\"attachment-full size-full wp-image-27818\" alt=\"Infograf\u00eda de tipos de impulsores\" srcset=\"https:\/\/kingdapump.com\/wp-content\/uploads\/2025\/12\/Types-of-Impeller-Infographic.jpg.webp 1200w, https:\/\/kingdapump.com\/wp-content\/uploads\/2025\/12\/Types-of-Impeller-Infographic-72x300.jpg.webp 72w, https:\/\/kingdapump.com\/wp-content\/uploads\/2025\/12\/Types-of-Impeller-Infographic-768x3203.jpg.webp 768w, https:\/\/kingdapump.com\/wp-content\/uploads\/2025\/12\/Types-of-Impeller-Infographic-368x1536.jpg.webp 368w, https:\/\/kingdapump.com\/wp-content\/uploads\/2025\/12\/Types-of-Impeller-Infographic-491x2048.jpg.webp 491w, https:\/\/kingdapump.com\/wp-content\/uploads\/2025\/12\/Types-of-Impeller-Infographic-3x12.jpg.webp 3w\" sizes=\"(max-width: 1200px) 100vw, 1200px\" \/>\t\t\t\t\t\t\t\t\t\t\t\t\t\t\t<\/div>\n\t\t\t\t<\/div>\n\t\t\t\t<div class=\"elementor-element elementor-element-5cd331d2 elementor-widget elementor-widget-spacer\" data-id=\"5cd331d2\" data-element_type=\"widget\" data-widget_type=\"spacer.default\">\n\t\t\t\t<div class=\"elementor-widget-container\">\n\t\t\t\t\t\t\t<div class=\"elementor-spacer\">\n\t\t\t<div class=\"elementor-spacer-inner\"><\/div>\n\t\t<\/div>\n\t\t\t\t\t\t<\/div>\n\t\t\t\t<\/div>\n\t\t\t\t<div class=\"elementor-element elementor-element-4233fc61 elementor-widget elementor-widget-html\" data-id=\"4233fc61\" data-element_type=\"widget\" data-widget_type=\"html.default\">\n\t\t\t\t<div class=\"elementor-widget-container\">\n\t\t\t\t\t<div style=\"background:#ffffff; border-radius:12px; box-shadow:0 8px 24px rgba(0,0,0,0.2); padding:25px; max-width:850px; margin:30px auto; text-align:center; font-family:Arial, sans-serif;\">\r\n  \r\n  <!-- \u6807\u9898 -->\r\n  <h3 style=\"font-size:18px; color:#1f365c; margin-bottom:12px;\">Incruste esta infograf\u00eda en su sitio<\/h3>\r\n\r\n  <!-- \u6309\u94ae\u533a -->\r\n  <div style=\"margin:15px 0;\">\r\n    \r\n    <!-- \u590d\u5236\u6309\u94ae -->\r\n    <button id=\"copyButton\" class=\"embed-btn\">\r\n      Copiar c\u00f3digo para incrustar\r\n    <\/button>\r\n\r\n    <!-- \u4e0b\u8f7d\u6309\u94ae -->\r\n    <a href=\"https:\/\/kingdapump.com\/wp-content\/uploads\/2025\/12\/Types-of-Impeller-Infographic.jpg\" \r\n       download\r\n class=\"download-btn\">\r\n       Descargar JPG\r\n    <\/a>\r\n  <\/div>\r\n\r\n  <!-- Attribution \u6587\u6848 -->\r\n  <p style=\"font-size:12px; color:#555; margin-top:10px;\">\r\n    Esta infograf\u00eda se puede utilizar de forma gratuita con atribuci\u00f3n.<br>\r\n    Por favor, d\u00e9 cr\u00e9dito <strong>Grupo de bombas Kingda<\/strong> y enlazar a esta p\u00e1gina.\r\n  <\/p>\r\n\r\n  <!-- \u63d0\u793a -->\r\n  <p style=\"margin-top:8px; font-size:13px; color:#555;\">\r\n    Incruste esta infograf\u00eda en su sitio web de forma gratuita\r\n  <\/p>\r\n\r\n  <p id=\"copyMessage\" style=\"color:green; margin-top:8px; display:none; font-size:13px;\">\r\n    \u00a1C\u00f3digo de inserci\u00f3n copiado!\r\n  <\/p>\r\n<\/div>\r\n\r\n<!-- \u6309\u94ae\u6837\u5f0f -->\r\n<style>\r\n.embed-btn {\r\n  padding: 14px 48px;\r\n  background-color: #FCB900;  \r\n  color: #3B2507;             \r\n  border: 1px solid #FCB900;\r\n  border-radius: 15px;        \r\n  font-weight: bold;\r\n  font-size: 14px;\r\n  cursor: pointer;\r\n  box-shadow: 0 4px 14px rgba(0,0,0,0.2);\r\n  margin-right:20px;\r\n  transition: all .3s ease;\r\n}\r\n\r\n.embed-btn:hover {\r\n  background-color: #ef9701;  \r\n  color: #ffffff;           \r\n  border-color: #ef9701;\r\n  box-shadow: 0 6px 18px rgba(0,0,0,0.25);\r\n}\r\n\r\n\/* \u4e0b\u8f7d\u6309\u94ae\uff1a\u7070\u8272\u3001\u65e0\u5706\u89d2\u3001\u4f4e\u8c03 *\/\r\n.download-btn {\r\n  display:inline-block;\r\n  padding:14px 48px;\r\n  background:#cccccc;\r\n  color:#222;\r\n  border:1px solid #bbbbbb;\r\n  font-weight:bold;\r\n  font-size:14px;\r\n  cursor:pointer;\r\n  text-decoration:none;\r\n  transition: all .3s ease;\r\n}\r\n\r\n.download-btn:hover {\r\n  background:#aaaaaa;\r\n  border-color:#999999;\r\n}\r\n<\/style>\r\n\r\n<!-- \u81ea\u52a8\u590d\u5236\u529f\u80fd -->\r\n<script>\r\ndocument.getElementById('copyButton').addEventListener('click', function() {\r\n    var tempTextarea = document.createElement('textarea');\r\n    tempTextarea.value = '<a href=\"https:\/\/kingdapump.com\/types-of-impeller\/\"><img decoding=\"async\" src=\"https:\/\/kingdapump.com\/wp-content\/uploads\/2025\/12\/Types-of-Impeller-Infographic.jpg\" alt=\"Types of Impeller Infographic\" style=\"max-width:100%;\" \/><\/a>';\r\n    document.body.appendChild(tempTextarea);\r\n\r\n    tempTextarea.select();\r\n    tempTextarea.setSelectionRange(0, 99999);\r\n    document.execCommand('copy');\r\n\r\n    document.body.removeChild(tempTextarea);\r\n\r\n    var msg = document.getElementById('copyMessage');\r\n    msg.style.display = 'block';\r\n    setTimeout(function(){ msg.style.display = 'none'; }, 2000);\r\n});\r\n<\/script>\r\n\t\t\t\t<\/div>\n\t\t\t\t<\/div>\n\t\t\t\t\t<\/div>\n\t\t<\/div>\n\t\t\t\t\t<\/div>\n\t\t<\/section>\n\t\t\t\t<section class=\"elementor-section elementor-top-section elementor-element elementor-element-7895cd55 elementor-section-boxed elementor-section-height-default elementor-section-height-default\" data-id=\"7895cd55\" data-element_type=\"section\">\n\t\t\t\t\t\t<div class=\"elementor-container elementor-column-gap-default\">\n\t\t\t\t\t<div class=\"elementor-column elementor-col-100 elementor-top-column elementor-element elementor-element-4dd7e6fb\" data-id=\"4dd7e6fb\" data-element_type=\"column\">\n\t\t\t<div class=\"elementor-widget-wrap elementor-element-populated\">\n\t\t\t\t\t\t<div class=\"elementor-element elementor-element-636b85fc elementor-widget elementor-widget-spacer\" data-id=\"636b85fc\" data-element_type=\"widget\" data-widget_type=\"spacer.default\">\n\t\t\t\t<div class=\"elementor-widget-container\">\n\t\t\t\t\t\t\t<div class=\"elementor-spacer\">\n\t\t\t<div class=\"elementor-spacer-inner\"><\/div>\n\t\t<\/div>\n\t\t\t\t\t\t<\/div>\n\t\t\t\t<\/div>\n\t\t\t\t\t<\/div>\n\t\t<\/div>\n\t\t\t\t\t<\/div>\n\t\t<\/section>\n\t\t\t\t<\/div>","protected":false},"excerpt":{"rendered":"<p>Types of Impeller Infographic This infographic presents the main impeller types along with their working principles and typical applications.It is free to embed, download, and reuse for technical documentation and training. Source article: All Pump Impeller Types \u2192 https:\/\/kingdapump.com\/types-of-impeller\/ Embed This Infographic on Your Site Copy Embed Code Download JPG This infographic is free to [&hellip;]<\/p>\n","protected":false},"author":1,"featured_media":27868,"parent":27829,"menu_order":0,"comment_status":"closed","ping_status":"closed","template":"","meta":{"footnotes":""},"class_list":["post-27945","page","type-page","status-publish","has-post-thumbnail","hentry"],"yoast_head":"<!-- This site is optimized with the Yoast SEO Premium plugin v25.8 (Yoast SEO v27.4) - https:\/\/yoast.com\/product\/yoast-seo-premium-wordpress\/ -->\n<title>Types of Impeller Infographic - Kingda Pump<\/title>\n<meta name=\"description\" content=\"Explore this free impeller types infographic covering principles, features, and applications. Download and reuse with attribution.\" \/>\n<meta name=\"robots\" content=\"index, follow, max-snippet:-1, max-image-preview:large, max-video-preview:-1\" \/>\n<link rel=\"canonical\" href=\"https:\/\/kingdapump.com\/es\/infografia\/infografia-sobre-tipos-de-impulsores\/\" \/>\n<meta property=\"og:locale\" content=\"es_ES\" \/>\n<meta property=\"og:type\" content=\"article\" \/>\n<meta property=\"og:title\" content=\"Types of Impeller Infographic\" \/>\n<meta property=\"og:description\" content=\"Explore this free impeller types infographic covering principles, features, and applications. Download and reuse with attribution.\" \/>\n<meta property=\"og:url\" content=\"https:\/\/kingdapump.com\/es\/infografia\/infografia-sobre-tipos-de-impulsores\/\" \/>\n<meta property=\"og:site_name\" content=\"Kingda Pump\" \/>\n<meta property=\"article:modified_time\" content=\"2025-12-08T03:02:00+00:00\" \/>\n<meta property=\"og:image\" content=\"https:\/\/kingdapump.com\/wp-content\/uploads\/2025\/12\/Infographic-showing-different-types-of-impeller.jpg\" \/>\n\t<meta property=\"og:image:width\" content=\"800\" \/>\n\t<meta property=\"og:image:height\" content=\"1066\" \/>\n\t<meta property=\"og:image:type\" content=\"image\/jpeg\" \/>\n<meta name=\"twitter:card\" content=\"summary_large_image\" \/>\n<meta name=\"twitter:label1\" content=\"Tiempo de lectura\" \/>\n\t<meta name=\"twitter:data1\" content=\"1 minuto\" \/>\n<script type=\"application\/ld+json\" class=\"yoast-schema-graph\">{\"@context\":\"https:\\\/\\\/schema.org\",\"@graph\":[{\"@type\":\"WebPage\",\"@id\":\"https:\\\/\\\/kingdapump.com\\\/infographic\\\/types-of-impeller-infographic\\\/\",\"url\":\"https:\\\/\\\/kingdapump.com\\\/infographic\\\/types-of-impeller-infographic\\\/\",\"name\":\"Types of Impeller Infographic - Kingda Pump\",\"isPartOf\":{\"@id\":\"https:\\\/\\\/kingdapump.com\\\/#website\"},\"primaryImageOfPage\":{\"@id\":\"https:\\\/\\\/kingdapump.com\\\/infographic\\\/types-of-impeller-infographic\\\/#primaryimage\"},\"image\":{\"@id\":\"https:\\\/\\\/kingdapump.com\\\/infographic\\\/types-of-impeller-infographic\\\/#primaryimage\"},\"thumbnailUrl\":\"https:\\\/\\\/kingdapump.com\\\/wp-content\\\/uploads\\\/2025\\\/12\\\/Infographic-showing-different-types-of-impeller.jpg\",\"datePublished\":\"2025-12-08T02:14:40+00:00\",\"dateModified\":\"2025-12-08T03:02:00+00:00\",\"description\":\"Explore this free impeller types infographic covering principles, features, and applications. Download and reuse with attribution.\",\"breadcrumb\":{\"@id\":\"https:\\\/\\\/kingdapump.com\\\/infographic\\\/types-of-impeller-infographic\\\/#breadcrumb\"},\"inLanguage\":\"es\",\"potentialAction\":[{\"@type\":\"ReadAction\",\"target\":[\"https:\\\/\\\/kingdapump.com\\\/infographic\\\/types-of-impeller-infographic\\\/\"]}]},{\"@type\":\"ImageObject\",\"inLanguage\":\"es\",\"@id\":\"https:\\\/\\\/kingdapump.com\\\/infographic\\\/types-of-impeller-infographic\\\/#primaryimage\",\"url\":\"https:\\\/\\\/kingdapump.com\\\/wp-content\\\/uploads\\\/2025\\\/12\\\/Infographic-showing-different-types-of-impeller.jpg\",\"contentUrl\":\"https:\\\/\\\/kingdapump.com\\\/wp-content\\\/uploads\\\/2025\\\/12\\\/Infographic-showing-different-types-of-impeller.jpg\",\"width\":800,\"height\":1066,\"caption\":\"Infographic-showing-different-types-of-impeller\"},{\"@type\":\"BreadcrumbList\",\"@id\":\"https:\\\/\\\/kingdapump.com\\\/infographic\\\/types-of-impeller-infographic\\\/#breadcrumb\",\"itemListElement\":[{\"@type\":\"ListItem\",\"position\":1,\"name\":\"\u9996\u9875\",\"item\":\"https:\\\/\\\/kingdapump.com\\\/\"},{\"@type\":\"ListItem\",\"position\":2,\"name\":\"Infographic\",\"item\":\"https:\\\/\\\/kingdapump.com\\\/infographic\\\/\"},{\"@type\":\"ListItem\",\"position\":3,\"name\":\"Types of Impeller Infographic\"}]},{\"@type\":\"WebSite\",\"@id\":\"https:\\\/\\\/kingdapump.com\\\/#website\",\"url\":\"https:\\\/\\\/kingdapump.com\\\/\",\"name\":\"kingdapump.com\",\"description\":\"Since 1948 \u2014 Slurry Pump Experts\",\"publisher\":{\"@id\":\"https:\\\/\\\/kingdapump.com\\\/#organization\"},\"potentialAction\":[{\"@type\":\"SearchAction\",\"target\":{\"@type\":\"EntryPoint\",\"urlTemplate\":\"https:\\\/\\\/kingdapump.com\\\/?s={search_term_string}\"},\"query-input\":{\"@type\":\"PropertyValueSpecification\",\"valueRequired\":true,\"valueName\":\"search_term_string\"}}],\"inLanguage\":\"es\"},{\"@type\":\"Organization\",\"@id\":\"https:\\\/\\\/kingdapump.com\\\/#organization\",\"name\":\"kingdapump.com\",\"url\":\"https:\\\/\\\/kingdapump.com\\\/\",\"logo\":{\"@type\":\"ImageObject\",\"inLanguage\":\"es\",\"@id\":\"https:\\\/\\\/kingdapump.com\\\/#\\\/schema\\\/logo\\\/image\\\/\",\"url\":\"https:\\\/\\\/kingdapump.com\\\/wp-content\\\/uploads\\\/2022\\\/01\\\/cropped-Slurry-pump_water-pump-manufacturer-1.png\",\"contentUrl\":\"https:\\\/\\\/kingdapump.com\\\/wp-content\\\/uploads\\\/2022\\\/01\\\/cropped-Slurry-pump_water-pump-manufacturer-1.png\",\"width\":220,\"height\":86,\"caption\":\"kingdapump.com\"},\"image\":{\"@id\":\"https:\\\/\\\/kingdapump.com\\\/#\\\/schema\\\/logo\\\/image\\\/\"}}]}<\/script>\n<!-- \/ Yoast SEO Premium plugin. -->","yoast_head_json":{"title":"Infograf\u00eda sobre tipos de impulsores - Kingda Pump","description":"Explora esta infograf\u00eda gratuita sobre los tipos de impulsores, que abarca sus principios, caracter\u00edsticas y aplicaciones. Desc\u00e1rgala y reutil\u00edzala con atribuci\u00f3n.","robots":{"index":"index","follow":"follow","max-snippet":"max-snippet:-1","max-image-preview":"max-image-preview:large","max-video-preview":"max-video-preview:-1"},"canonical":"https:\/\/kingdapump.com\/es\/infografia\/infografia-sobre-tipos-de-impulsores\/","og_locale":"es_ES","og_type":"article","og_title":"Types of Impeller Infographic","og_description":"Explore this free impeller types infographic covering principles, features, and applications. Download and reuse with attribution.","og_url":"https:\/\/kingdapump.com\/es\/infografia\/infografia-sobre-tipos-de-impulsores\/","og_site_name":"Kingda Pump","article_modified_time":"2025-12-08T03:02:00+00:00","og_image":[{"width":800,"height":1066,"url":"https:\/\/kingdapump.com\/wp-content\/uploads\/2025\/12\/Infographic-showing-different-types-of-impeller.jpg","type":"image\/jpeg"}],"twitter_card":"summary_large_image","twitter_misc":{"Tiempo de lectura":"1 minuto"},"schema":{"@context":"https:\/\/schema.org","@graph":[{"@type":"WebPage","@id":"https:\/\/kingdapump.com\/infographic\/types-of-impeller-infographic\/","url":"https:\/\/kingdapump.com\/infographic\/types-of-impeller-infographic\/","name":"Infograf\u00eda sobre tipos de impulsores - Kingda Pump","isPartOf":{"@id":"https:\/\/kingdapump.com\/#website"},"primaryImageOfPage":{"@id":"https:\/\/kingdapump.com\/infographic\/types-of-impeller-infographic\/#primaryimage"},"image":{"@id":"https:\/\/kingdapump.com\/infographic\/types-of-impeller-infographic\/#primaryimage"},"thumbnailUrl":"https:\/\/kingdapump.com\/wp-content\/uploads\/2025\/12\/Infographic-showing-different-types-of-impeller.jpg","datePublished":"2025-12-08T02:14:40+00:00","dateModified":"2025-12-08T03:02:00+00:00","description":"Explora esta infograf\u00eda gratuita sobre los tipos de impulsores, que abarca sus principios, caracter\u00edsticas y aplicaciones. Desc\u00e1rgala y reutil\u00edzala con atribuci\u00f3n.","breadcrumb":{"@id":"https:\/\/kingdapump.com\/infographic\/types-of-impeller-infographic\/#breadcrumb"},"inLanguage":"es","potentialAction":[{"@type":"ReadAction","target":["https:\/\/kingdapump.com\/infographic\/types-of-impeller-infographic\/"]}]},{"@type":"ImageObject","inLanguage":"es","@id":"https:\/\/kingdapump.com\/infographic\/types-of-impeller-infographic\/#primaryimage","url":"https:\/\/kingdapump.com\/wp-content\/uploads\/2025\/12\/Infographic-showing-different-types-of-impeller.jpg","contentUrl":"https:\/\/kingdapump.com\/wp-content\/uploads\/2025\/12\/Infographic-showing-different-types-of-impeller.jpg","width":800,"height":1066,"caption":"Infographic-showing-different-types-of-impeller"},{"@type":"BreadcrumbList","@id":"https:\/\/kingdapump.com\/infographic\/types-of-impeller-infographic\/#breadcrumb","itemListElement":[{"@type":"ListItem","position":1,"name":"\u9996\u9875","item":"https:\/\/kingdapump.com\/"},{"@type":"ListItem","position":2,"name":"Infographic","item":"https:\/\/kingdapump.com\/infographic\/"},{"@type":"ListItem","position":3,"name":"Types of Impeller Infographic"}]},{"@type":"WebSite","@id":"https:\/\/kingdapump.com\/#website","url":"https:\/\/kingdapump.com\/","name":"kingdapump.com","description":"Desde 1948 \u2014 Expertos en bombas de lodos","publisher":{"@id":"https:\/\/kingdapump.com\/#organization"},"potentialAction":[{"@type":"SearchAction","target":{"@type":"EntryPoint","urlTemplate":"https:\/\/kingdapump.com\/?s={search_term_string}"},"query-input":{"@type":"PropertyValueSpecification","valueRequired":true,"valueName":"search_term_string"}}],"inLanguage":"es"},{"@type":"Organization","@id":"https:\/\/kingdapump.com\/#organization","name":"kingdapump.com","url":"https:\/\/kingdapump.com\/","logo":{"@type":"ImageObject","inLanguage":"es","@id":"https:\/\/kingdapump.com\/#\/schema\/logo\/image\/","url":"https:\/\/kingdapump.com\/wp-content\/uploads\/2022\/01\/cropped-Slurry-pump_water-pump-manufacturer-1.png","contentUrl":"https:\/\/kingdapump.com\/wp-content\/uploads\/2022\/01\/cropped-Slurry-pump_water-pump-manufacturer-1.png","width":220,"height":86,"caption":"kingdapump.com"},"image":{"@id":"https:\/\/kingdapump.com\/#\/schema\/logo\/image\/"}}]}},"_links":{"self":[{"href":"https:\/\/kingdapump.com\/es\/wp-json\/wp\/v2\/pages\/27945","targetHints":{"allow":["GET"]}}],"collection":[{"href":"https:\/\/kingdapump.com\/es\/wp-json\/wp\/v2\/pages"}],"about":[{"href":"https:\/\/kingdapump.com\/es\/wp-json\/wp\/v2\/types\/page"}],"author":[{"embeddable":true,"href":"https:\/\/kingdapump.com\/es\/wp-json\/wp\/v2\/users\/1"}],"replies":[{"embeddable":true,"href":"https:\/\/kingdapump.com\/es\/wp-json\/wp\/v2\/comments?post=27945"}],"version-history":[{"count":10,"href":"https:\/\/kingdapump.com\/es\/wp-json\/wp\/v2\/pages\/27945\/revisions"}],"predecessor-version":[{"id":27973,"href":"https:\/\/kingdapump.com\/es\/wp-json\/wp\/v2\/pages\/27945\/revisions\/27973"}],"up":[{"embeddable":true,"href":"https:\/\/kingdapump.com\/es\/wp-json\/wp\/v2\/pages\/27829"}],"wp:featuredmedia":[{"embeddable":true,"href":"https:\/\/kingdapump.com\/es\/wp-json\/wp\/v2\/media\/27868"}],"wp:attachment":[{"href":"https:\/\/kingdapump.com\/es\/wp-json\/wp\/v2\/media?parent=27945"}],"curies":[{"name":"wp","href":"https:\/\/api.w.org\/{rel}","templated":true}]}}