{"id":1106,"date":"2022-01-24T10:39:27","date_gmt":"2022-01-24T02:39:27","guid":{"rendered":"https:\/\/kingdapump.com\/?page_id=1106"},"modified":"2022-01-25T09:48:20","modified_gmt":"2022-01-25T01:48:20","slug":"politique-de-confidentialite","status":"publish","type":"page","link":"https:\/\/kingdapump.com\/fr\/privacy-policy\/","title":{"rendered":"Politique de confidentialit\u00e9"},"content":{"rendered":"<div data-elementor-type=\"wp-page\" data-elementor-id=\"1106\" class=\"elementor elementor-1106\" data-elementor-post-type=\"page\">\n\t\t\t\t\t\t<section class=\"elementor-section elementor-top-section elementor-element elementor-element-bd67166 elementor-section-boxed elementor-section-height-default elementor-section-height-default\" data-id=\"bd67166\" data-element_type=\"section\">\n\t\t\t\t\t\t<div class=\"elementor-container elementor-column-gap-default\">\n\t\t\t\t\t<div class=\"elementor-column elementor-col-100 elementor-top-column elementor-element elementor-element-a187b6e\" data-id=\"a187b6e\" data-element_type=\"column\">\n\t\t\t<div class=\"elementor-widget-wrap elementor-element-populated\">\n\t\t\t\t\t\t<div class=\"elementor-element elementor-element-4e2b9cb elementor-widget elementor-widget-text-editor\" data-id=\"4e2b9cb\" data-element_type=\"widget\" data-widget_type=\"text-editor.default\">\n\t\t\t\t<div class=\"elementor-widget-container\">\n\t\t\t\t\t\t\t\t\t<h1>politique de confidentialit\u00e9<\/h1><div><p>Votre vie priv\u00e9e est importante pour nous. Kingdapump a pour politique de respecter votre vie priv\u00e9e et de se conformer \u00e0 toute loi et r\u00e9glementation applicable concernant les informations personnelles que nous pouvons collecter \u00e0 votre sujet, y compris sur notre site web. <a href=\"https:\/\/kingdapump.com\/fr\/\">https:\/\/kingdapump.com\/<\/a>, et d\u2019autres sites que nous poss\u00e9dons et exploitons.<\/p><p>Cette politique est en vigueur depuis le 8 ao\u00fbt 2021 et a \u00e9t\u00e9 mise \u00e0 jour pour la derni\u00e8re fois le 8 ao\u00fbt 2021.<\/p><h3>Informations que nous collectons<\/h3><p>Les informations que nous collectons incluent \u00e0 la fois les informations que vous nous fournissez sciemment et activement lorsque vous utilisez ou participez \u00e0 l&#039;un de nos services et promotions, et toute information envoy\u00e9e automatiquement par vos appareils lors de l&#039;acc\u00e8s \u00e0 nos produits et services.<\/p><h4>Donn\u00e9es du journal<\/h4><p>Lorsque vous visitez notre site web, nos serveurs peuvent enregistrer automatiquement les donn\u00e9es standard fournies par votre navigateur. Ces donn\u00e9es peuvent inclure l&#039;adresse IP (Internet Protocol) de votre appareil, le type et la version de votre navigateur, les pages consult\u00e9es, la date et l&#039;heure de votre visite, le temps pass\u00e9 sur chaque page, d&#039;autres d\u00e9tails relatifs \u00e0 votre visite et des informations techniques li\u00e9es aux erreurs que vous pourriez rencontrer.<\/p><p>Veuillez noter que m\u00eame si ces informations ne permettent pas de vous identifier personnellement en elles-m\u00eames, il peut \u00eatre possible de les combiner avec d\u2019autres donn\u00e9es pour identifier personnellement des personnes.<\/p><h4>Informations personnelles<\/h4><p>Nous pouvons demander des informations personnelles qui peuvent inclure un ou plusieurs des \u00e9l\u00e9ments suivants\u00a0:<\/p><ul><li>Nom<\/li><li>E-mail<\/li><\/ul><h4>Raisons l\u00e9gitimes du traitement de vos informations personnelles<\/h4><p>Nous collectons et utilisons vos informations personnelles uniquement lorsque nous avons une raison l\u00e9gitime de le faire. Dans ce cas, nous collectons uniquement les informations personnelles raisonnablement n\u00e9cessaires \u00e0 la fourniture de nos services.<\/p><h4>Collecte et utilisation des informations<\/h4><p>Nous pouvons collecter des informations personnelles vous concernant lorsque vous effectuez l&#039;une des actions suivantes sur notre site Web\u00a0:<\/p><ul><li>Utilisez un appareil mobile ou un navigateur Web pour acc\u00e9der \u00e0 notre contenu<\/li><li>Contactez-nous par e-mail, via les r\u00e9seaux sociaux ou toute autre technologie similaire<\/li><li>Lorsque vous nous mentionnez sur les r\u00e9seaux sociaux<\/li><\/ul><p>Nous pouvons collecter, conserver, utiliser et divulguer des informations aux fins suivantes, et les informations personnelles ne seront pas trait\u00e9es ult\u00e9rieurement d&#039;une mani\u00e8re incompatible avec ces fins :<\/p><p>Nous pouvons collecter, conserver, utiliser et divulguer des informations aux fins suivantes, et les informations personnelles ne seront pas trait\u00e9es ult\u00e9rieurement d&#039;une mani\u00e8re incompatible avec ces fins :<\/p><ul><li>pour vous permettre de personnaliser votre exp\u00e9rience sur notre site Web<\/li><li>pour l&#039;analyse, les \u00e9tudes de march\u00e9 et le d\u00e9veloppement commercial, y compris pour exploiter et am\u00e9liorer notre site Web, les applications associ\u00e9es et les plateformes de m\u00e9dias sociaux associ\u00e9es<\/li><\/ul><p>Veuillez noter que nous pouvons combiner les informations que nous collectons \u00e0 votre sujet avec des informations g\u00e9n\u00e9rales ou des donn\u00e9es de recherche que nous recevons d&#039;autres sources fiables.<\/p><h4>S\u00e9curit\u00e9 de vos informations personnelles<\/h4><p>Lorsque nous collectons et traitons des informations personnelles, et pendant que nous conservons ces informations, nous les prot\u00e9geons par des moyens commercialement acceptables pour emp\u00eacher la perte et le vol, ainsi que l&#039;acc\u00e8s, la divulgation, la copie, l&#039;utilisation ou la modification non autoris\u00e9s.<\/p><p>Bien que nous fassions de notre mieux pour prot\u00e9ger les informations personnelles que vous nous fournissez, nous vous informons qu&#039;aucune m\u00e9thode de transmission ou de stockage \u00e9lectronique n&#039;est s\u00fbre et que personne ne peut garantir une s\u00e9curit\u00e9 absolue des donn\u00e9es. Nous respecterons les lois qui nous sont applicables en cas de violation de donn\u00e9es.<\/p><p>Vous \u00eates responsable du choix de tout mot de passe et de sa s\u00e9curit\u00e9 globale, garantissant ainsi la s\u00e9curit\u00e9 de vos propres informations dans les limites de nos services.<\/p><h4>Combien de temps conservons-nous vos informations personnelles<\/h4><p>Nous conservons vos informations personnelles uniquement aussi longtemps que n\u00e9cessaire. Cette dur\u00e9e peut d\u00e9pendre de l&#039;usage que nous en faisons, conform\u00e9ment \u00e0 la pr\u00e9sente politique de confidentialit\u00e9. Si vos informations personnelles ne sont plus n\u00e9cessaires, nous les supprimerons ou les rendrons anonymes en supprimant tous les \u00e9l\u00e9ments permettant de vous identifier.<\/p><p>Toutefois, si n\u00e9cessaire, nous pouvons conserver vos informations personnelles pour nous conformer \u00e0 une obligation l\u00e9gale, comptable ou de reporting ou \u00e0 des fins d&#039;archivage dans l&#039;int\u00e9r\u00eat public, \u00e0 des fins de recherche scientifique ou historique ou \u00e0 des fins statistiques.<\/p><h3>Confidentialit\u00e9 des enfants<\/h3><p>Nous ne destinons aucun de nos produits ou services directement aux enfants de moins de 13 ans et nous ne collectons pas sciemment d&#039;informations personnelles sur les enfants de moins de 13 ans.<\/p><h3>Transferts internationaux d&#039;informations personnelles<\/h3><p>Les informations personnelles que nous collectons sont stock\u00e9es et\/ou trait\u00e9es dans nos locaux ou ceux de nos partenaires, soci\u00e9t\u00e9s affili\u00e9es et prestataires tiers. Veuillez noter que les lieux o\u00f9 nous stockons, traitons ou transf\u00e9rons vos informations personnelles peuvent ne pas \u00eatre soumis aux m\u00eames lois de protection des donn\u00e9es que le pays dans lequel vous les avez initialement fournies. Si nous transf\u00e9rons vos informations personnelles \u00e0 des tiers dans d&#039;autres pays\u00a0: (i) nous effectuerons ces transferts conform\u00e9ment aux exigences de la l\u00e9gislation applicable\u00a0; et (ii) nous prot\u00e9gerons les informations personnelles transf\u00e9r\u00e9es conform\u00e9ment \u00e0 la pr\u00e9sente politique de confidentialit\u00e9.<\/p><h3>Vos droits et le contr\u00f4le de vos informations personnelles<\/h3><p>Vous conservez le droit de refuser de nous communiquer vos informations personnelles, sachant que votre exp\u00e9rience sur notre site web pourrait en \u00eatre affect\u00e9e. Nous ne vous discriminerons pas dans l&#039;exercice de vos droits sur vos informations personnelles. Si vous nous fournissez des informations personnelles, vous comprenez que nous les collecterons, les conserverons, les utiliserons et les divulguerons conform\u00e9ment \u00e0 la pr\u00e9sente politique de confidentialit\u00e9. Vous conservez le droit de demander des d\u00e9tails sur les informations personnelles que nous d\u00e9tenons \u00e0 votre sujet.<\/p><p>Si nous recevons des informations personnelles vous concernant de la part d&#039;un tiers, nous les prot\u00e9gerons conform\u00e9ment \u00e0 la pr\u00e9sente politique de confidentialit\u00e9. Si vous \u00eates un tiers fournissant des informations personnelles concernant une autre personne, vous d\u00e9clarez et garantissez avoir le consentement de cette personne pour nous les communiquer.<\/p><p>Si vous avez pr\u00e9c\u00e9demment accept\u00e9 que nous utilisions vos informations personnelles \u00e0 des fins de marketing direct, vous pouvez changer d&#039;avis \u00e0 tout moment. Nous vous donnerons la possibilit\u00e9 de vous d\u00e9sabonner de notre base de donn\u00e9es d&#039;e-mails ou de ne plus recevoir de communications. Veuillez noter que nous pourrions avoir besoin de vous demander des informations sp\u00e9cifiques pour confirmer votre identit\u00e9.<\/p><p>Si vous pensez que les informations que nous d\u00e9tenons \u00e0 votre sujet sont inexactes, obsol\u00e8tes, incompl\u00e8tes, non pertinentes ou trompeuses, veuillez nous contacter aux coordonn\u00e9es fournies dans la pr\u00e9sente politique de confidentialit\u00e9. Nous prendrons les mesures raisonnables pour corriger toute information jug\u00e9e inexacte, incompl\u00e8te, trompeuse ou obsol\u00e8te.<\/p><p>Si vous pensez que nous avons enfreint une loi applicable en mati\u00e8re de protection des donn\u00e9es et souhaitez d\u00e9poser une plainte, veuillez nous contacter aux coordonn\u00e9es ci-dessous et nous fournir tous les d\u00e9tails de la violation pr\u00e9sum\u00e9e. Nous examinerons rapidement votre plainte et vous r\u00e9pondrons par \u00e9crit, en pr\u00e9cisant les r\u00e9sultats de notre enqu\u00eate et les mesures que nous prendrons pour la traiter. Vous avez \u00e9galement le droit de contacter un organisme de r\u00e9glementation ou une autorit\u00e9 de protection des donn\u00e9es concernant votre plainte.<\/p><h3>Utilisation des cookies<\/h3><p>Nous utilisons des cookies pour recueillir des informations sur vous et votre activit\u00e9 sur notre site. Un cookie est un petit fichier de donn\u00e9es que notre site web stocke sur votre ordinateur et auquel il acc\u00e8de \u00e0 chaque visite afin de comprendre comment vous utilisez notre site. Cela nous permet de vous proposer du contenu en fonction des pr\u00e9f\u00e9rences que vous avez sp\u00e9cifi\u00e9es.<\/p><h3>Limites de notre politique<\/h3><p>Notre site web peut contenir des liens vers des sites externes que nous n&#039;exploitons pas. Veuillez noter que nous n&#039;avons aucun contr\u00f4le sur le contenu et les politiques de ces sites et d\u00e9clinons toute responsabilit\u00e9 quant \u00e0 leurs pratiques de confidentialit\u00e9 respectives.<\/p><h3>Modifications apport\u00e9es \u00e0 cette politique<\/h3><p>Nous pouvons, \u00e0 notre discr\u00e9tion, modifier notre politique de confidentialit\u00e9 afin de refl\u00e9ter les mises \u00e0 jour de nos processus op\u00e9rationnels, les pratiques actuelles acceptables ou les changements l\u00e9gislatifs ou r\u00e9glementaires. Si nous d\u00e9cidons de modifier cette politique de confidentialit\u00e9, nous publierons les modifications ici, via le lien d&#039;acc\u00e8s \u00e0 cette politique.<\/p><p>Si la loi l&#039;exige, nous obtiendrons votre permission ou vous donnerons la possibilit\u00e9 d&#039;accepter ou de refuser, selon le cas, toute nouvelle utilisation de vos informations personnelles.<\/p><h3>Contactez-nous<\/h3><p>Pour toute question ou pr\u00e9occupation concernant votre vie priv\u00e9e, vous pouvez nous contacter en utilisant les coordonn\u00e9es suivantes :<a href=\"https:\/\/kingdapump.com\/fr\/\">https:\/\/kingdapump.com\/<\/a><\/p><\/div>\t\t\t\t\t\t\t\t<\/div>\n\t\t\t\t<\/div>\n\t\t\t\t\t<\/div>\n\t\t<\/div>\n\t\t\t\t\t<\/div>\n\t\t<\/section>\n\t\t\t\t<\/div>","protected":false},"excerpt":{"rendered":"<p>Privacy Policy Your privacy is important to us. It is Kingdapump\u2019s policy to respect your privacy and comply with any applicable law and regulation regarding any personal information we may collect about you, including across our website, https:\/\/kingdapump.com\/, and other sites we own and operate. This policy is effective as of 8 August 2021 and [&hellip;]<\/p>\n","protected":false},"author":1,"featured_media":0,"parent":0,"menu_order":0,"comment_status":"closed","ping_status":"closed","template":"","meta":{"footnotes":""},"class_list":["post-1106","page","type-page","status-publish","hentry"],"yoast_head":"<!-- This site is optimized with the Yoast SEO Premium plugin v25.8 (Yoast SEO v27.4) - https:\/\/yoast.com\/product\/yoast-seo-premium-wordpress\/ -->\n<title>Privacy-Policy - Kingda Pump<\/title>\n<meta name=\"robots\" content=\"index, follow, max-snippet:-1, max-image-preview:large, max-video-preview:-1\" \/>\n<link rel=\"canonical\" href=\"https:\/\/kingdapump.com\/fr\/politique-de-confidentialite\/\" \/>\n<meta property=\"og:locale\" content=\"fr_FR\" \/>\n<meta property=\"og:type\" content=\"article\" \/>\n<meta property=\"og:title\" content=\"Privacy-Policy\" \/>\n<meta property=\"og:description\" content=\"Privacy Policy Your privacy is important to us. It is Kingdapump\u2019s policy to respect your privacy and comply with any applicable law and regulation regarding any personal information we may collect about you, including across our website, https:\/\/kingdapump.com\/, and other sites we own and operate. This policy is effective as of 8 August 2021 and [&hellip;]\" \/>\n<meta property=\"og:url\" content=\"https:\/\/kingdapump.com\/fr\/politique-de-confidentialite\/\" \/>\n<meta property=\"og:site_name\" content=\"Kingda Pump\" \/>\n<meta property=\"article:modified_time\" content=\"2022-01-25T01:48:20+00:00\" \/>\n<meta name=\"twitter:card\" content=\"summary_large_image\" \/>\n<meta name=\"twitter:label1\" content=\"Dur\u00e9e de lecture estim\u00e9e\" \/>\n\t<meta name=\"twitter:data1\" content=\"6 minutes\" \/>\n<script type=\"application\/ld+json\" class=\"yoast-schema-graph\">{\"@context\":\"https:\\\/\\\/schema.org\",\"@graph\":[{\"@type\":\"WebPage\",\"@id\":\"https:\\\/\\\/kingdapump.com\\\/privacy-policy\\\/\",\"url\":\"https:\\\/\\\/kingdapump.com\\\/privacy-policy\\\/\",\"name\":\"Privacy-Policy - Kingda Pump\",\"isPartOf\":{\"@id\":\"https:\\\/\\\/kingdapump.com\\\/#website\"},\"datePublished\":\"2022-01-24T02:39:27+00:00\",\"dateModified\":\"2022-01-25T01:48:20+00:00\",\"breadcrumb\":{\"@id\":\"https:\\\/\\\/kingdapump.com\\\/privacy-policy\\\/#breadcrumb\"},\"inLanguage\":\"fr-FR\",\"potentialAction\":[{\"@type\":\"ReadAction\",\"target\":[\"https:\\\/\\\/kingdapump.com\\\/privacy-policy\\\/\"]}]},{\"@type\":\"BreadcrumbList\",\"@id\":\"https:\\\/\\\/kingdapump.com\\\/privacy-policy\\\/#breadcrumb\",\"itemListElement\":[{\"@type\":\"ListItem\",\"position\":1,\"name\":\"\u9996\u9875\",\"item\":\"https:\\\/\\\/kingdapump.com\\\/\"},{\"@type\":\"ListItem\",\"position\":2,\"name\":\"Privacy-Policy\"}]},{\"@type\":\"WebSite\",\"@id\":\"https:\\\/\\\/kingdapump.com\\\/#website\",\"url\":\"https:\\\/\\\/kingdapump.com\\\/\",\"name\":\"kingdapump.com\",\"description\":\"Since 1948 \u2014 Slurry Pump Experts\",\"publisher\":{\"@id\":\"https:\\\/\\\/kingdapump.com\\\/#organization\"},\"potentialAction\":[{\"@type\":\"SearchAction\",\"target\":{\"@type\":\"EntryPoint\",\"urlTemplate\":\"https:\\\/\\\/kingdapump.com\\\/?s={search_term_string}\"},\"query-input\":{\"@type\":\"PropertyValueSpecification\",\"valueRequired\":true,\"valueName\":\"search_term_string\"}}],\"inLanguage\":\"fr-FR\"},{\"@type\":\"Organization\",\"@id\":\"https:\\\/\\\/kingdapump.com\\\/#organization\",\"name\":\"kingdapump.com\",\"url\":\"https:\\\/\\\/kingdapump.com\\\/\",\"logo\":{\"@type\":\"ImageObject\",\"inLanguage\":\"fr-FR\",\"@id\":\"https:\\\/\\\/kingdapump.com\\\/#\\\/schema\\\/logo\\\/image\\\/\",\"url\":\"https:\\\/\\\/kingdapump.com\\\/wp-content\\\/uploads\\\/2022\\\/01\\\/cropped-Slurry-pump_water-pump-manufacturer-1.png\",\"contentUrl\":\"https:\\\/\\\/kingdapump.com\\\/wp-content\\\/uploads\\\/2022\\\/01\\\/cropped-Slurry-pump_water-pump-manufacturer-1.png\",\"width\":220,\"height\":86,\"caption\":\"kingdapump.com\"},\"image\":{\"@id\":\"https:\\\/\\\/kingdapump.com\\\/#\\\/schema\\\/logo\\\/image\\\/\"}}]}<\/script>\n<!-- \/ Yoast SEO Premium plugin. -->","yoast_head_json":{"title":"Politique de confidentialit\u00e9 - Kingda Pump","robots":{"index":"index","follow":"follow","max-snippet":"max-snippet:-1","max-image-preview":"max-image-preview:large","max-video-preview":"max-video-preview:-1"},"canonical":"https:\/\/kingdapump.com\/fr\/politique-de-confidentialite\/","og_locale":"fr_FR","og_type":"article","og_title":"Privacy-Policy","og_description":"Privacy Policy Your privacy is important to us. It is Kingdapump\u2019s policy to respect your privacy and comply with any applicable law and regulation regarding any personal information we may collect about you, including across our website, https:\/\/kingdapump.com\/, and other sites we own and operate. This policy is effective as of 8 August 2021 and [&hellip;]","og_url":"https:\/\/kingdapump.com\/fr\/politique-de-confidentialite\/","og_site_name":"Kingda Pump","article_modified_time":"2022-01-25T01:48:20+00:00","twitter_card":"summary_large_image","twitter_misc":{"Dur\u00e9e de lecture estim\u00e9e":"6 minutes"},"schema":{"@context":"https:\/\/schema.org","@graph":[{"@type":"WebPage","@id":"https:\/\/kingdapump.com\/privacy-policy\/","url":"https:\/\/kingdapump.com\/privacy-policy\/","name":"Politique de confidentialit\u00e9 - Kingda Pump","isPartOf":{"@id":"https:\/\/kingdapump.com\/#website"},"datePublished":"2022-01-24T02:39:27+00:00","dateModified":"2022-01-25T01:48:20+00:00","breadcrumb":{"@id":"https:\/\/kingdapump.com\/privacy-policy\/#breadcrumb"},"inLanguage":"fr-FR","potentialAction":[{"@type":"ReadAction","target":["https:\/\/kingdapump.com\/privacy-policy\/"]}]},{"@type":"BreadcrumbList","@id":"https:\/\/kingdapump.com\/privacy-policy\/#breadcrumb","itemListElement":[{"@type":"ListItem","position":1,"name":"\u9996\u9875","item":"https:\/\/kingdapump.com\/"},{"@type":"ListItem","position":2,"name":"Privacy-Policy"}]},{"@type":"WebSite","@id":"https:\/\/kingdapump.com\/#website","url":"https:\/\/kingdapump.com\/","name":"kingdapump.com","description":"Depuis 1948 \u2014 Experts en pompes \u00e0 boues","publisher":{"@id":"https:\/\/kingdapump.com\/#organization"},"potentialAction":[{"@type":"SearchAction","target":{"@type":"EntryPoint","urlTemplate":"https:\/\/kingdapump.com\/?s={search_term_string}"},"query-input":{"@type":"PropertyValueSpecification","valueRequired":true,"valueName":"search_term_string"}}],"inLanguage":"fr-FR"},{"@type":"Organization","@id":"https:\/\/kingdapump.com\/#organization","name":"kingdapump.com","url":"https:\/\/kingdapump.com\/","logo":{"@type":"ImageObject","inLanguage":"fr-FR","@id":"https:\/\/kingdapump.com\/#\/schema\/logo\/image\/","url":"https:\/\/kingdapump.com\/wp-content\/uploads\/2022\/01\/cropped-Slurry-pump_water-pump-manufacturer-1.png","contentUrl":"https:\/\/kingdapump.com\/wp-content\/uploads\/2022\/01\/cropped-Slurry-pump_water-pump-manufacturer-1.png","width":220,"height":86,"caption":"kingdapump.com"},"image":{"@id":"https:\/\/kingdapump.com\/#\/schema\/logo\/image\/"}}]}},"_links":{"self":[{"href":"https:\/\/kingdapump.com\/fr\/wp-json\/wp\/v2\/pages\/1106","targetHints":{"allow":["GET"]}}],"collection":[{"href":"https:\/\/kingdapump.com\/fr\/wp-json\/wp\/v2\/pages"}],"about":[{"href":"https:\/\/kingdapump.com\/fr\/wp-json\/wp\/v2\/types\/page"}],"author":[{"embeddable":true,"href":"https:\/\/kingdapump.com\/fr\/wp-json\/wp\/v2\/users\/1"}],"replies":[{"embeddable":true,"href":"https:\/\/kingdapump.com\/fr\/wp-json\/wp\/v2\/comments?post=1106"}],"version-history":[{"count":14,"href":"https:\/\/kingdapump.com\/fr\/wp-json\/wp\/v2\/pages\/1106\/revisions"}],"predecessor-version":[{"id":1171,"href":"https:\/\/kingdapump.com\/fr\/wp-json\/wp\/v2\/pages\/1106\/revisions\/1171"}],"wp:attachment":[{"href":"https:\/\/kingdapump.com\/fr\/wp-json\/wp\/v2\/media?parent=1106"}],"curies":[{"name":"wp","href":"https:\/\/api.w.org\/{rel}","templated":true}]}}