{"id":1106,"date":"2022-01-24T10:39:27","date_gmt":"2022-01-24T02:39:27","guid":{"rendered":"https:\/\/kingdapump.com\/?page_id=1106"},"modified":"2022-01-25T09:48:20","modified_gmt":"2022-01-25T01:48:20","slug":"politica-de-privacidade","status":"publish","type":"page","link":"https:\/\/kingdapump.com\/pt\/privacy-policy\/","title":{"rendered":"Pol\u00edtica de Privacidade"},"content":{"rendered":"<div data-elementor-type=\"wp-page\" data-elementor-id=\"1106\" class=\"elementor elementor-1106\" data-elementor-post-type=\"page\">\n\t\t\t\t\t\t<section class=\"elementor-section elementor-top-section elementor-element elementor-element-bd67166 elementor-section-boxed elementor-section-height-default elementor-section-height-default\" data-id=\"bd67166\" data-element_type=\"section\">\n\t\t\t\t\t\t<div class=\"elementor-container elementor-column-gap-default\">\n\t\t\t\t\t<div class=\"elementor-column elementor-col-100 elementor-top-column elementor-element elementor-element-a187b6e\" data-id=\"a187b6e\" data-element_type=\"column\">\n\t\t\t<div class=\"elementor-widget-wrap elementor-element-populated\">\n\t\t\t\t\t\t<div class=\"elementor-element elementor-element-4e2b9cb elementor-widget elementor-widget-text-editor\" data-id=\"4e2b9cb\" data-element_type=\"widget\" data-widget_type=\"text-editor.default\">\n\t\t\t\t<div class=\"elementor-widget-container\">\n\t\t\t\t\t\t\t\t\t<h1>pol\u00edtica de Privacidade<\/h1><div><p>Sua privacidade \u00e9 importante para n\u00f3s. \u00c9 pol\u00edtica da Kingdapump respeitar sua privacidade e cumprir todas as leis e regulamentos aplic\u00e1veis em rela\u00e7\u00e3o a quaisquer informa\u00e7\u00f5es pessoais que possamos coletar sobre voc\u00ea, inclusive em nosso site. <a href=\"https:\/\/kingdapump.com\/pt\/\">https:\/\/kingdapump.com\/<\/a>, e outros sites que possu\u00edmos e operamos.<\/p><p>Esta pol\u00edtica est\u00e1 em vigor desde 8 de agosto de 2021 e foi atualizada pela \u00faltima vez em 8 de agosto de 2021.<\/p><h3>Informa\u00e7\u00f5es que coletamos<\/h3><p>As informa\u00e7\u00f5es que coletamos incluem informa\u00e7\u00f5es que voc\u00ea nos fornece consciente e ativamente ao usar ou participar de qualquer um dos nossos servi\u00e7os e promo\u00e7\u00f5es, e quaisquer informa\u00e7\u00f5es enviadas automaticamente pelos seus dispositivos durante o acesso aos nossos produtos e servi\u00e7os.<\/p><h4>Dados de registro<\/h4><p>Quando voc\u00ea visita nosso site, nossos servidores podem registrar automaticamente os dados padr\u00e3o fornecidos pelo seu navegador. Eles podem incluir o endere\u00e7o de Protocolo de Internet (IP) do seu dispositivo, o tipo e a vers\u00e3o do seu navegador, as p\u00e1ginas que voc\u00ea visita, a hora e a data da sua visita, o tempo gasto em cada p\u00e1gina, outros detalhes sobre a sua visita e detalhes t\u00e9cnicos que ocorrem em conjunto com quaisquer erros que voc\u00ea possa encontrar.<\/p><p>Esteja ciente de que, embora essas informa\u00e7\u00f5es possam n\u00e3o ser pessoalmente identific\u00e1veis por si s\u00f3, pode ser poss\u00edvel combin\u00e1-las com outros dados para identificar pessoalmente pessoas individuais.<\/p><h4>Informa\u00e7\u00f5es pessoais<\/h4><p>Podemos solicitar informa\u00e7\u00f5es pessoais que podem incluir uma ou mais das seguintes:<\/p><ul><li>Nome<\/li><li>E-mail<\/li><\/ul><h4>Raz\u00f5es leg\u00edtimas para processar suas informa\u00e7\u00f5es pessoais<\/h4><p>Coletamos e utilizamos suas informa\u00e7\u00f5es pessoais somente quando temos um motivo leg\u00edtimo para isso. Nesses casos, coletamos apenas informa\u00e7\u00f5es pessoais razoavelmente necess\u00e1rias para lhe fornecer nossos servi\u00e7os.<\/p><h4>Coleta e uso de informa\u00e7\u00f5es<\/h4><p>Podemos coletar informa\u00e7\u00f5es pessoais suas quando voc\u00ea realiza qualquer uma das seguintes a\u00e7\u00f5es em nosso site:<\/p><ul><li>Use um dispositivo m\u00f3vel ou navegador da web para acessar nosso conte\u00fado<\/li><li>Entre em contato conosco por e-mail, m\u00eddia social ou qualquer tecnologia semelhante<\/li><li>Quando voc\u00ea nos menciona nas redes sociais<\/li><\/ul><p>Podemos coletar, manter, usar e divulgar informa\u00e7\u00f5es para os seguintes prop\u00f3sitos, e as informa\u00e7\u00f5es pessoais n\u00e3o ser\u00e3o processadas de maneira incompat\u00edvel com esses prop\u00f3sitos:<\/p><p>Podemos coletar, manter, usar e divulgar informa\u00e7\u00f5es para os seguintes prop\u00f3sitos, e as informa\u00e7\u00f5es pessoais n\u00e3o ser\u00e3o processadas de maneira incompat\u00edvel com esses prop\u00f3sitos:<\/p><ul><li>para permitir que voc\u00ea personalize ou personalize sua experi\u00eancia em nosso site<\/li><li>para an\u00e1lises, pesquisas de mercado e desenvolvimento de neg\u00f3cios, incluindo para operar e melhorar nosso site, aplicativos associados e plataformas de m\u00eddia social associadas<\/li><\/ul><p>Esteja ciente de que podemos combinar informa\u00e7\u00f5es que coletamos sobre voc\u00ea com informa\u00e7\u00f5es gerais ou dados de pesquisa que recebemos de outras fontes confi\u00e1veis.<\/p><h4>Seguran\u00e7a das suas informa\u00e7\u00f5es pessoais<\/h4><p>Quando coletamos e processamos informa\u00e7\u00f5es pessoais, e enquanto as mantemos, n\u00f3s as protegeremos dentro de meios comercialmente aceit\u00e1veis para evitar perdas e roubos, bem como acesso, divulga\u00e7\u00e3o, c\u00f3pia, uso ou modifica\u00e7\u00e3o n\u00e3o autorizados.<\/p><p>Embora fa\u00e7amos o poss\u00edvel para proteger as informa\u00e7\u00f5es pessoais que voc\u00ea nos fornece, informamos que nenhum m\u00e9todo de transmiss\u00e3o ou armazenamento eletr\u00f4nico \u00e9 100% seguro e ningu\u00e9m pode garantir a seguran\u00e7a absoluta dos dados. Cumpriremos as leis aplic\u00e1veis a n\u00f3s em rela\u00e7\u00e3o a qualquer viola\u00e7\u00e3o de dados.<\/p><p>Voc\u00ea \u00e9 respons\u00e1vel por selecionar qualquer senha e sua for\u00e7a geral de seguran\u00e7a, garantindo a seguran\u00e7a de suas pr\u00f3prias informa\u00e7\u00f5es dentro dos limites de nossos servi\u00e7os.<\/p><h4>Por quanto tempo mantemos suas informa\u00e7\u00f5es pessoais<\/h4><p>Mantemos suas informa\u00e7\u00f5es pessoais apenas pelo tempo necess\u00e1rio. Esse per\u00edodo pode depender da finalidade para a qual usamos suas informa\u00e7\u00f5es, de acordo com esta pol\u00edtica de privacidade. Se suas informa\u00e7\u00f5es pessoais n\u00e3o forem mais necess\u00e1rias, n\u00f3s as excluiremos ou as tornaremos an\u00f4nimas, removendo todos os dados que o identificam.<\/p><p>No entanto, se necess\u00e1rio, podemos reter suas informa\u00e7\u00f5es pessoais para cumprir com uma obriga\u00e7\u00e3o legal, cont\u00e1bil ou de relat\u00f3rios ou para fins de arquivamento de interesse p\u00fablico, fins de pesquisa cient\u00edfica ou hist\u00f3rica ou fins estat\u00edsticos.<\/p><h3>Privacidade das crian\u00e7as<\/h3><p>N\u00e3o direcionamos nenhum de nossos produtos ou servi\u00e7os diretamente a crian\u00e7as menores de 13 anos e n\u00e3o coletamos intencionalmente informa\u00e7\u00f5es pessoais sobre crian\u00e7as menores de 13 anos.<\/p><h3>Transfer\u00eancias Internacionais de Informa\u00e7\u00f5es Pessoais<\/h3><p>As informa\u00e7\u00f5es pessoais que coletamos s\u00e3o armazenadas e\/ou processadas onde n\u00f3s ou nossos parceiros, afiliados e provedores terceirizados mantemos instala\u00e7\u00f5es. Esteja ciente de que os locais para os quais armazenamos, processamos ou transferimos suas informa\u00e7\u00f5es pessoais podem n\u00e3o ter as mesmas leis de prote\u00e7\u00e3o de dados do pa\u00eds em que voc\u00ea as forneceu inicialmente. Se transferirmos suas informa\u00e7\u00f5es pessoais para terceiros em outros pa\u00edses: (i) realizaremos essas transfer\u00eancias de acordo com os requisitos da legisla\u00e7\u00e3o aplic\u00e1vel; e (ii) protegeremos as informa\u00e7\u00f5es pessoais transferidas de acordo com esta pol\u00edtica de privacidade.<\/p><h3>Seus direitos e controle de suas informa\u00e7\u00f5es pessoais<\/h3><p>Voc\u00ea sempre ter\u00e1 o direito de nos omitir informa\u00e7\u00f5es pessoais, entendendo que sua experi\u00eancia em nosso site poder\u00e1 ser afetada. N\u00e3o discriminaremos voc\u00ea por exercer qualquer um dos seus direitos sobre suas informa\u00e7\u00f5es pessoais. Se voc\u00ea nos fornecer informa\u00e7\u00f5es pessoais, voc\u00ea entende que as coletaremos, armazenaremos, utilizaremos e divulgaremos de acordo com esta pol\u00edtica de privacidade. Voc\u00ea ter\u00e1 o direito de solicitar detalhes sobre quaisquer informa\u00e7\u00f5es pessoais que mantemos sobre voc\u00ea.<\/p><p>Se recebermos informa\u00e7\u00f5es pessoais sobre voc\u00ea de terceiros, n\u00f3s as protegeremos conforme estabelecido nesta pol\u00edtica de privacidade. Se voc\u00ea for um terceiro fornecendo informa\u00e7\u00f5es pessoais sobre outra pessoa, voc\u00ea declara e garante que possui o consentimento dessa pessoa para nos fornecer as informa\u00e7\u00f5es pessoais.<\/p><p>Caso tenha concordado anteriormente com o uso de suas informa\u00e7\u00f5es pessoais para fins de marketing direto, voc\u00ea poder\u00e1 mudar de ideia a qualquer momento. Voc\u00ea poder\u00e1 cancelar a assinatura do nosso banco de dados de e-mails ou optar por n\u00e3o receber comunica\u00e7\u00f5es. Esteja ciente de que poderemos precisar solicitar informa\u00e7\u00f5es espec\u00edficas suas para nos ajudar a confirmar sua identidade.<\/p><p>Se voc\u00ea acredita que alguma informa\u00e7\u00e3o que mantemos sobre voc\u00ea \u00e9 imprecisa, desatualizada, incompleta, irrelevante ou enganosa, entre em contato conosco usando os dados fornecidos nesta pol\u00edtica de privacidade. Tomaremos as medidas cab\u00edveis para corrigir qualquer informa\u00e7\u00e3o que seja considerada imprecisa, incompleta, enganosa ou desatualizada.<\/p><p>Se voc\u00ea acredita que violamos alguma lei de prote\u00e7\u00e3o de dados aplic\u00e1vel e deseja fazer uma reclama\u00e7\u00e3o, entre em contato conosco usando os meios abaixo e nos forne\u00e7a detalhes completos da suposta viola\u00e7\u00e3o. Investigaremos sua reclama\u00e7\u00e3o imediatamente e responderemos por escrito, informando o resultado da nossa investiga\u00e7\u00e3o e as medidas que tomaremos para lidar com sua reclama\u00e7\u00e3o. Voc\u00ea tamb\u00e9m tem o direito de entrar em contato com um \u00f3rg\u00e3o regulador ou autoridade de prote\u00e7\u00e3o de dados em rela\u00e7\u00e3o \u00e0 sua reclama\u00e7\u00e3o.<\/p><h3>Uso de Cookies<\/h3><p>Utilizamos &quot;cookies&quot; para coletar informa\u00e7\u00f5es sobre voc\u00ea e sua atividade em nosso site. Um cookie \u00e9 um pequeno peda\u00e7o de dados que nosso site armazena em seu computador e acessa sempre que voc\u00ea o visita, para que possamos entender como voc\u00ea usa nosso site. Isso nos ajuda a oferecer conte\u00fado com base nas prefer\u00eancias que voc\u00ea especificou.<\/p><h3>Limites da nossa pol\u00edtica<\/h3><p>Nosso site pode conter links para sites externos que n\u00e3o s\u00e3o operados por n\u00f3s. Esteja ciente de que n\u00e3o temos controle sobre o conte\u00fado e as pol\u00edticas desses sites e n\u00e3o podemos nos responsabilizar por suas respectivas pr\u00e1ticas de privacidade.<\/p><h3>Altera\u00e7\u00f5es a esta Pol\u00edtica<\/h3><p>A nosso crit\u00e9rio, podemos alterar nossa pol\u00edtica de privacidade para refletir atualiza\u00e7\u00f5es em nossos processos de neg\u00f3cios, pr\u00e1ticas aceit\u00e1veis atuais ou altera\u00e7\u00f5es legislativas ou regulat\u00f3rias. Se decidirmos alterar esta pol\u00edtica de privacidade, publicaremos as altera\u00e7\u00f5es aqui, no mesmo link pelo qual voc\u00ea est\u00e1 acessando esta pol\u00edtica de privacidade.<\/p><p>Se exigido por lei, obteremos sua permiss\u00e3o ou lhe daremos a oportunidade de aceitar ou recusar, conforme aplic\u00e1vel, quaisquer novos usos de suas informa\u00e7\u00f5es pessoais.<\/p><h3>Contate-nos<\/h3><p>Para quaisquer d\u00favidas ou preocupa\u00e7\u00f5es relacionadas \u00e0 sua privacidade, voc\u00ea pode entrar em contato conosco usando os seguintes detalhes:<a href=\"https:\/\/kingdapump.com\/pt\/\">https:\/\/kingdapump.com\/<\/a><\/p><\/div>\t\t\t\t\t\t\t\t<\/div>\n\t\t\t\t<\/div>\n\t\t\t\t\t<\/div>\n\t\t<\/div>\n\t\t\t\t\t<\/div>\n\t\t<\/section>\n\t\t\t\t<\/div>","protected":false},"excerpt":{"rendered":"<p>Privacy Policy Your privacy is important to us. It is Kingdapump\u2019s policy to respect your privacy and comply with any applicable law and regulation regarding any personal information we may collect about you, including across our website, https:\/\/kingdapump.com\/, and other sites we own and operate. This policy is effective as of 8 August 2021 and [&hellip;]<\/p>\n","protected":false},"author":1,"featured_media":0,"parent":0,"menu_order":0,"comment_status":"closed","ping_status":"closed","template":"","meta":{"footnotes":""},"class_list":["post-1106","page","type-page","status-publish","hentry"],"yoast_head":"<!-- This site is optimized with the Yoast SEO Premium plugin v25.8 (Yoast SEO v27.4) - https:\/\/yoast.com\/product\/yoast-seo-premium-wordpress\/ -->\n<title>Privacy-Policy - Kingda Pump<\/title>\n<meta name=\"robots\" content=\"index, follow, max-snippet:-1, max-image-preview:large, max-video-preview:-1\" \/>\n<link rel=\"canonical\" href=\"https:\/\/kingdapump.com\/pt\/politica-de-privacidade\/\" \/>\n<meta property=\"og:locale\" content=\"pt_PT\" \/>\n<meta property=\"og:type\" content=\"article\" \/>\n<meta property=\"og:title\" content=\"Privacy-Policy\" \/>\n<meta property=\"og:description\" content=\"Privacy Policy Your privacy is important to us. It is Kingdapump\u2019s policy to respect your privacy and comply with any applicable law and regulation regarding any personal information we may collect about you, including across our website, https:\/\/kingdapump.com\/, and other sites we own and operate. This policy is effective as of 8 August 2021 and [&hellip;]\" \/>\n<meta property=\"og:url\" content=\"https:\/\/kingdapump.com\/pt\/politica-de-privacidade\/\" \/>\n<meta property=\"og:site_name\" content=\"Kingda Pump\" \/>\n<meta property=\"article:modified_time\" content=\"2022-01-25T01:48:20+00:00\" \/>\n<meta name=\"twitter:card\" content=\"summary_large_image\" \/>\n<meta name=\"twitter:label1\" content=\"Tempo estimado de leitura\" \/>\n\t<meta name=\"twitter:data1\" content=\"6 minutos\" \/>\n<script type=\"application\/ld+json\" class=\"yoast-schema-graph\">{\"@context\":\"https:\\\/\\\/schema.org\",\"@graph\":[{\"@type\":\"WebPage\",\"@id\":\"https:\\\/\\\/kingdapump.com\\\/privacy-policy\\\/\",\"url\":\"https:\\\/\\\/kingdapump.com\\\/privacy-policy\\\/\",\"name\":\"Privacy-Policy - Kingda Pump\",\"isPartOf\":{\"@id\":\"https:\\\/\\\/kingdapump.com\\\/#website\"},\"datePublished\":\"2022-01-24T02:39:27+00:00\",\"dateModified\":\"2022-01-25T01:48:20+00:00\",\"breadcrumb\":{\"@id\":\"https:\\\/\\\/kingdapump.com\\\/privacy-policy\\\/#breadcrumb\"},\"inLanguage\":\"pt-PT\",\"potentialAction\":[{\"@type\":\"ReadAction\",\"target\":[\"https:\\\/\\\/kingdapump.com\\\/privacy-policy\\\/\"]}]},{\"@type\":\"BreadcrumbList\",\"@id\":\"https:\\\/\\\/kingdapump.com\\\/privacy-policy\\\/#breadcrumb\",\"itemListElement\":[{\"@type\":\"ListItem\",\"position\":1,\"name\":\"\u9996\u9875\",\"item\":\"https:\\\/\\\/kingdapump.com\\\/\"},{\"@type\":\"ListItem\",\"position\":2,\"name\":\"Privacy-Policy\"}]},{\"@type\":\"WebSite\",\"@id\":\"https:\\\/\\\/kingdapump.com\\\/#website\",\"url\":\"https:\\\/\\\/kingdapump.com\\\/\",\"name\":\"kingdapump.com\",\"description\":\"Since 1948 \u2014 Slurry Pump Experts\",\"publisher\":{\"@id\":\"https:\\\/\\\/kingdapump.com\\\/#organization\"},\"potentialAction\":[{\"@type\":\"SearchAction\",\"target\":{\"@type\":\"EntryPoint\",\"urlTemplate\":\"https:\\\/\\\/kingdapump.com\\\/?s={search_term_string}\"},\"query-input\":{\"@type\":\"PropertyValueSpecification\",\"valueRequired\":true,\"valueName\":\"search_term_string\"}}],\"inLanguage\":\"pt-PT\"},{\"@type\":\"Organization\",\"@id\":\"https:\\\/\\\/kingdapump.com\\\/#organization\",\"name\":\"kingdapump.com\",\"url\":\"https:\\\/\\\/kingdapump.com\\\/\",\"logo\":{\"@type\":\"ImageObject\",\"inLanguage\":\"pt-PT\",\"@id\":\"https:\\\/\\\/kingdapump.com\\\/#\\\/schema\\\/logo\\\/image\\\/\",\"url\":\"https:\\\/\\\/kingdapump.com\\\/wp-content\\\/uploads\\\/2022\\\/01\\\/cropped-Slurry-pump_water-pump-manufacturer-1.png\",\"contentUrl\":\"https:\\\/\\\/kingdapump.com\\\/wp-content\\\/uploads\\\/2022\\\/01\\\/cropped-Slurry-pump_water-pump-manufacturer-1.png\",\"width\":220,\"height\":86,\"caption\":\"kingdapump.com\"},\"image\":{\"@id\":\"https:\\\/\\\/kingdapump.com\\\/#\\\/schema\\\/logo\\\/image\\\/\"}}]}<\/script>\n<!-- \/ Yoast SEO Premium plugin. -->","yoast_head_json":{"title":"Pol\u00edtica de Privacidade - Kingda Pump","robots":{"index":"index","follow":"follow","max-snippet":"max-snippet:-1","max-image-preview":"max-image-preview:large","max-video-preview":"max-video-preview:-1"},"canonical":"https:\/\/kingdapump.com\/pt\/politica-de-privacidade\/","og_locale":"pt_PT","og_type":"article","og_title":"Privacy-Policy","og_description":"Privacy Policy Your privacy is important to us. It is Kingdapump\u2019s policy to respect your privacy and comply with any applicable law and regulation regarding any personal information we may collect about you, including across our website, https:\/\/kingdapump.com\/, and other sites we own and operate. This policy is effective as of 8 August 2021 and [&hellip;]","og_url":"https:\/\/kingdapump.com\/pt\/politica-de-privacidade\/","og_site_name":"Kingda Pump","article_modified_time":"2022-01-25T01:48:20+00:00","twitter_card":"summary_large_image","twitter_misc":{"Tempo estimado de leitura":"6 minutos"},"schema":{"@context":"https:\/\/schema.org","@graph":[{"@type":"WebPage","@id":"https:\/\/kingdapump.com\/privacy-policy\/","url":"https:\/\/kingdapump.com\/privacy-policy\/","name":"Pol\u00edtica de Privacidade - Kingda Pump","isPartOf":{"@id":"https:\/\/kingdapump.com\/#website"},"datePublished":"2022-01-24T02:39:27+00:00","dateModified":"2022-01-25T01:48:20+00:00","breadcrumb":{"@id":"https:\/\/kingdapump.com\/privacy-policy\/#breadcrumb"},"inLanguage":"pt-PT","potentialAction":[{"@type":"ReadAction","target":["https:\/\/kingdapump.com\/privacy-policy\/"]}]},{"@type":"BreadcrumbList","@id":"https:\/\/kingdapump.com\/privacy-policy\/#breadcrumb","itemListElement":[{"@type":"ListItem","position":1,"name":"\u9996\u9875","item":"https:\/\/kingdapump.com\/"},{"@type":"ListItem","position":2,"name":"Privacy-Policy"}]},{"@type":"WebSite","@id":"https:\/\/kingdapump.com\/#website","url":"https:\/\/kingdapump.com\/","name":"kingdapump.com","description":"Desde 1948 \u2014 Especialistas em Bombas de Polpa","publisher":{"@id":"https:\/\/kingdapump.com\/#organization"},"potentialAction":[{"@type":"SearchAction","target":{"@type":"EntryPoint","urlTemplate":"https:\/\/kingdapump.com\/?s={search_term_string}"},"query-input":{"@type":"PropertyValueSpecification","valueRequired":true,"valueName":"search_term_string"}}],"inLanguage":"pt-PT"},{"@type":"Organization","@id":"https:\/\/kingdapump.com\/#organization","name":"kingdapump.com","url":"https:\/\/kingdapump.com\/","logo":{"@type":"ImageObject","inLanguage":"pt-PT","@id":"https:\/\/kingdapump.com\/#\/schema\/logo\/image\/","url":"https:\/\/kingdapump.com\/wp-content\/uploads\/2022\/01\/cropped-Slurry-pump_water-pump-manufacturer-1.png","contentUrl":"https:\/\/kingdapump.com\/wp-content\/uploads\/2022\/01\/cropped-Slurry-pump_water-pump-manufacturer-1.png","width":220,"height":86,"caption":"kingdapump.com"},"image":{"@id":"https:\/\/kingdapump.com\/#\/schema\/logo\/image\/"}}]}},"_links":{"self":[{"href":"https:\/\/kingdapump.com\/pt\/wp-json\/wp\/v2\/pages\/1106","targetHints":{"allow":["GET"]}}],"collection":[{"href":"https:\/\/kingdapump.com\/pt\/wp-json\/wp\/v2\/pages"}],"about":[{"href":"https:\/\/kingdapump.com\/pt\/wp-json\/wp\/v2\/types\/page"}],"author":[{"embeddable":true,"href":"https:\/\/kingdapump.com\/pt\/wp-json\/wp\/v2\/users\/1"}],"replies":[{"embeddable":true,"href":"https:\/\/kingdapump.com\/pt\/wp-json\/wp\/v2\/comments?post=1106"}],"version-history":[{"count":14,"href":"https:\/\/kingdapump.com\/pt\/wp-json\/wp\/v2\/pages\/1106\/revisions"}],"predecessor-version":[{"id":1171,"href":"https:\/\/kingdapump.com\/pt\/wp-json\/wp\/v2\/pages\/1106\/revisions\/1171"}],"wp:attachment":[{"href":"https:\/\/kingdapump.com\/pt\/wp-json\/wp\/v2\/media?parent=1106"}],"curies":[{"name":"wp","href":"https:\/\/api.w.org\/{rel}","templated":true}]}}